{"id":11,"date":"2015-12-08T08:45:19","date_gmt":"2015-12-08T08:45:19","guid":{"rendered":"http:\/\/www.pt-machinery.eu\/?page_id=11"},"modified":"2017-06-27T11:03:38","modified_gmt":"2017-06-27T11:03:38","slug":"about","status":"publish","type":"page","link":"https:\/\/www.pt-machinery.eu\/cz\/","title":{"rendered":"Home"},"content":{"rendered":"<p>\n\t\t\t\t\t\n\n\t\t\t\t\t<!-- START UNITE GALLERY LITE 1.7.54 -->\n\t\t\t\t\t\n\t\t\t\t\n\t\t\t<div id='unitegallery_15_1' class='unite-gallery' style='margin:0px auto;'>\n\t\t\t\t\n\n\t\t\t\t\t\t<a href=\"http:\/\/www.pt-machinery.eu\/products2\/universal-vacuum-tray\/\">\n\t\t\t\t\t\t<img alt=\"g3862\"\n\t\t\t\t\t\t     src=\"\" data-image=\"https:\/\/www.pt-machinery.eu\/wp-content\/uploads\/2017\/06\/g3862.png\"\n\t\t\t\t\t\t     data-thumb=\"https:\/\/www.pt-machinery.eu\/wp-content\/uploads\/2017\/06\/g3862-300x132.png\"\n\t\t\t\t\t\t     title=\"\"\n\t\t\t\t\t\t     style=\"display:none\">\n\t\t\t\t\t\t<\/a>\n\n\t\t\t\t\t\t<a href=\"http:\/\/www.pt-machinery.eu\/products2\/custom-vacuum-tray\/\">\n\t\t\t\t\t\t<img alt=\"g3853\"\n\t\t\t\t\t\t     src=\"\" data-image=\"https:\/\/www.pt-machinery.eu\/wp-content\/uploads\/2017\/06\/g3853-1.png\"\n\t\t\t\t\t\t     data-thumb=\"https:\/\/www.pt-machinery.eu\/wp-content\/uploads\/2017\/06\/g3853-1-300x132.png\"\n\t\t\t\t\t\t     title=\"\"\n\t\t\t\t\t\t     style=\"display:none\">\n\t\t\t\t\t\t<\/a>\n\n\t\t\t\t\t\t<a href=\"http:\/\/www.pt-machinery.eu\/products2\/robotic-stacker-custom-upgrades\/\">\n\t\t\t\t\t\t<img alt=\"g3110\"\n\t\t\t\t\t\t     src=\"\" data-image=\"https:\/\/www.pt-machinery.eu\/wp-content\/uploads\/2017\/06\/g3110.png\"\n\t\t\t\t\t\t     data-thumb=\"https:\/\/www.pt-machinery.eu\/wp-content\/uploads\/2017\/06\/g3110-300x132.png\"\n\t\t\t\t\t\t     title=\"\"\n\t\t\t\t\t\t     style=\"display:none\">\n\t\t\t\t\t\t<\/a>\n\n\t\t\t\t\t\t<a href=\"http:\/\/www.pt-machinery.eu\/products2\/servo-upstacker\/\">\n\t\t\t\t\t\t<img alt=\"g3844\"\n\t\t\t\t\t\t     src=\"\" data-image=\"https:\/\/www.pt-machinery.eu\/wp-content\/uploads\/2017\/06\/g3844.png\"\n\t\t\t\t\t\t     data-thumb=\"https:\/\/www.pt-machinery.eu\/wp-content\/uploads\/2017\/06\/g3844-300x132.png\"\n\t\t\t\t\t\t     title=\"\"\n\t\t\t\t\t\t     style=\"display:none\">\n\t\t\t\t\t\t<\/a>\n\n\t\t\t\t\t\t<a href=\"http:\/\/www.pt-machinery.eu\/products2\/plc-retrofit\/\">\n\t\t\t\t\t\t<img alt=\"g3084\"\n\t\t\t\t\t\t     src=\"\" data-image=\"https:\/\/www.pt-machinery.eu\/wp-content\/uploads\/2017\/06\/g3084.png\"\n\t\t\t\t\t\t     data-thumb=\"https:\/\/www.pt-machinery.eu\/wp-content\/uploads\/2017\/06\/g3084-300x132.png\"\n\t\t\t\t\t\t     title=\"\"\n\t\t\t\t\t\t     style=\"display:none\">\n\t\t\t\t\t\t<\/a>\n\n\t\t\t\t\t\t<a href=\"http:\/\/www.pt-machinery.eu\/products2\/data-logger\/\">\n\t\t\t\t\t\t<img alt=\"g3836\"\n\t\t\t\t\t\t     src=\"\" data-image=\"https:\/\/www.pt-machinery.eu\/wp-content\/uploads\/2017\/06\/g3836.png\"\n\t\t\t\t\t\t     data-thumb=\"https:\/\/www.pt-machinery.eu\/wp-content\/uploads\/2017\/06\/g3836-300x132.png\"\n\t\t\t\t\t\t     title=\"\"\n\t\t\t\t\t\t     style=\"display:none\">\n\t\t\t\t\t\t<\/a>\n\n\t\t\t\t\t\t<a href=\"http:\/\/www.pt-machinery.eu\/second-hand-machines\/\">\n\t\t\t\t\t\t<img alt=\"g3103\"\n\t\t\t\t\t\t     src=\"\" data-image=\"https:\/\/www.pt-machinery.eu\/wp-content\/uploads\/2017\/06\/g3103.png\"\n\t\t\t\t\t\t     data-thumb=\"https:\/\/www.pt-machinery.eu\/wp-content\/uploads\/2017\/06\/g3103-300x132.png\"\n\t\t\t\t\t\t     title=\"\"\n\t\t\t\t\t\t     style=\"display:none\">\n\t\t\t\t\t\t<\/a>\n\t\t\t<\/div>\n\n\t\t\t<script type='text\/javascript'>\n\t\t\t\twindow.onload = function(e) {\n\t\t\t\t\tif(typeof ugCheckForErrors == \"undefined\"){\n\t\t\t\t\t\tdocument.getElementById(\"unitegallery_15_1\").innerHTML = \"<span style='color:red'>Unite Gallery Error - gallery js and css files not included in the footer. Please make sure that wp_footer() function is added to your theme.<\/span>\";}\n\t\t\t\t\telse{ ugCheckForErrors(\"unitegallery_15_1\", \"jquery\");}\n\t\t\t\t};\n\t\t\t<\/script>\n\n\t\t\t<!-- END UNITEGALLERY LITE--><\/p>\n<p>&nbsp;<\/p>\n<p>&nbsp;<\/p>\n<p><strong>O n\u00e1s:<\/strong><\/p>\n<p>Spole\u010dnost byla zalo\u017eena na z\u00e1klad\u011b st\u00e1le se zvy\u0161uj\u00edc\u00ed popt\u00e1vky po servisu pr\u016fmyslov\u00fdch stroj\u016f.<\/p>\n<p>PT Machinery se p\u0159edev\u0161\u00edm zam\u011b\u0159uje na servis stroj\u016f pro plastik\u00e1\u0159sk\u00fd pr\u016fmysl, tvarovac\u00ed stroje (Cut In Place) a paletiza\u010dn\u00ed jednotky.<\/p>\n<p>Pro tvarovac\u00ed stroje CIP d\u00e1le prov\u00e1d\u00edme renovace, modernizace, retrofitov\u00e1n\u00ed PLC syst\u00e9m\u016f pou\u017eit\u00fdch stroj\u016f, odborn\u00e9 poradenstv\u00ed a technickou podporu.<\/p>\n<p>Spolupracujeme se z\u00e1kazn\u00edky z cel\u00e9ho sv\u011bta.<\/p>\n<p>&nbsp;<\/p>","protected":false},"excerpt":{"rendered":"<p>&nbsp; &nbsp; O n\u00e1s: Spole\u010dnost byla zalo\u017eena na z\u00e1klad\u011b st\u00e1le se zvy\u0161uj\u00edc\u00ed popt\u00e1vky po servisu pr\u016fmyslov\u00fdch stroj\u016f. PT Machinery se p\u0159edev\u0161\u00edm zam\u011b\u0159uje na servis stroj\u016f pro plastik\u00e1\u0159sk\u00fd pr\u016fmysl, tvarovac\u00ed stroje (Cut In Place) a paletiza\u010dn\u00ed jednotky. Pro tvarovac\u00ed stroje CIP d\u00e1le prov\u00e1d\u00edme renovace, modernizace, retrofitov\u00e1n\u00ed PLC syst\u00e9m\u016f pou\u017eit\u00fdch stroj\u016f, odborn\u00e9 poradenstv\u00ed a technickou podporu. Spolupracujeme &hellip;<\/p>\n","protected":false},"author":1,"featured_media":0,"parent":0,"menu_order":1,"comment_status":"closed","ping_status":"closed","template":"","meta":{"spay_email":""},"jetpack_sharing_enabled":true,"jetpack_shortlink":"https:\/\/wp.me\/P8Souy-b","jetpack-related-posts":[{"id":16,"url":"https:\/\/www.pt-machinery.eu\/cz\/service\/","url_meta":{"origin":11,"position":0},"title":"[:en]Service[:cz]Servis[:es]Service[:ru]Service[:]","date":"08\/12\/2015","format":false,"excerpt":"Servis tvarovac\u00edch stoj\u016f v\u00a0plastik\u00e1\u0159sk\u00e9m pr\u016fmyslu, \u00fazce spolupracujeme s firmou GN Thermoforming \u2013 opravy stroj\u016f, \u0161kolen\u00ed, odborn\u00e9 poradenstv\u00ed v\u00a0oblasti tvarov\u00e1n\u00ed plast\u016f . Servis PLC syst\u00e9m\u016f Siemens, Schneider electric, Bosh rexroth, B&R, Omron. Elektroinstalace \u2013 pr\u016fmyslov\u00e9 rozvody, kompletn\u00ed dod\u00e1vky elektro prac\u00ed, modernizace elektrick\u00fdch za\u0159\u00edzen\u00ed, automatizace. \u00a0 Pro popt\u00e1vku pou\u017eijte n\u00e1\u0161 kontaktn\u00ed formul\u00e1\u0159:","rel":"","context":"Similar post","img":{"alt_text":"","src":"","width":0,"height":0},"classes":[]},{"id":409,"url":"https:\/\/www.pt-machinery.eu\/cz\/products2\/cip-thermoforming-machine-plc-retrofit\/","url_meta":{"origin":11,"position":1},"title":"[:en]CIP Thermoforming machine PLC retrofit[:]","date":"02\/07\/2020","format":false,"excerpt":"Chyb\u00ed obsah For the sake of viewer convenience, the content is shown below in the alternative language. You may click the link to switch the active language.CIP Thermoforming machine PLC retrofit Because of obsolete PLC parts used in old CIP thermoforming machines , we have developed plug in PLC retrofit.\u2026","rel":"","context":"Similar post","img":{"alt_text":"","src":"","width":0,"height":0},"classes":[]},{"id":385,"url":"https:\/\/www.pt-machinery.eu\/cz\/products2\/roll-holder\/","url_meta":{"origin":11,"position":2},"title":"[:en]Roll holder[:cz]Roll Holder[:]","date":"19\/03\/2020","format":false,"excerpt":"Roll Holder The electrically driven roll holder for heavy rolls. (1,2 Ton \u2013 dia 1100mm ), no pressure air or hydraulic oil needed. Excellent for food industry environment. Suitable for thermoforming machines, possible unwind and brake upgrade. \u00a0 For your inquiry, please fill-in following form:","rel":"","context":"Similar post","img":{"alt_text":"","src":"","width":0,"height":0},"classes":[]},{"id":221,"url":"https:\/\/www.pt-machinery.eu\/cz\/products2\/data-logger\/","url_meta":{"origin":11,"position":3},"title":"Data Logger","date":"21\/06\/2017","format":false,"excerpt":"Data Logger The data logger is the online connection with the DX machines. The data logger is based on the style of Industry 4.0. (internet of things). The first idea was to get the machine online for error diagnostics and remote customer technical support. We add a lot of other\u2026","rel":"","context":"Similar post","img":{"alt_text":"","src":"","width":0,"height":0},"classes":[]},{"id":159,"url":"https:\/\/www.pt-machinery.eu\/cz\/second-hand-machines\/","url_meta":{"origin":11,"position":4},"title":"Used machines","date":"08\/06\/2017","format":false,"excerpt":"","rel":"","context":"Similar post","img":{"alt_text":"","src":"","width":0,"height":0},"classes":[]},{"id":160,"url":"https:\/\/www.pt-machinery.eu\/cz\/second-hand-machines\/show-ad\/","url_meta":{"origin":11,"position":5},"title":"Show Ad","date":"08\/06\/2017","format":false,"excerpt":"","rel":"","context":"Similar post","img":{"alt_text":"","src":"","width":0,"height":0},"classes":[]}],"_links":{"self":[{"href":"https:\/\/www.pt-machinery.eu\/cz\/wp-json\/wp\/v2\/pages\/11"}],"collection":[{"href":"https:\/\/www.pt-machinery.eu\/cz\/wp-json\/wp\/v2\/pages"}],"about":[{"href":"https:\/\/www.pt-machinery.eu\/cz\/wp-json\/wp\/v2\/types\/page"}],"author":[{"embeddable":true,"href":"https:\/\/www.pt-machinery.eu\/cz\/wp-json\/wp\/v2\/users\/1"}],"replies":[{"embeddable":true,"href":"https:\/\/www.pt-machinery.eu\/cz\/wp-json\/wp\/v2\/comments?post=11"}],"version-history":[{"count":16,"href":"https:\/\/www.pt-machinery.eu\/cz\/wp-json\/wp\/v2\/pages\/11\/revisions"}],"predecessor-version":[{"id":293,"href":"https:\/\/www.pt-machinery.eu\/cz\/wp-json\/wp\/v2\/pages\/11\/revisions\/293"}],"wp:attachment":[{"href":"https:\/\/www.pt-machinery.eu\/cz\/wp-json\/wp\/v2\/media?parent=11"}],"curies":[{"name":"wp","href":"https:\/\/api.w.org\/{rel}","templated":true}]}}