{"id":121,"date":"2016-01-26T20:21:24","date_gmt":"2016-01-26T20:21:24","guid":{"rendered":"http:\/\/www.pt-machinery.eu\/?page_id=121"},"modified":"2016-01-27T14:06:38","modified_gmt":"2016-01-27T14:06:38","slug":"tool-maintenance","status":"publish","type":"page","link":"https:\/\/www.pt-machinery.eu\/cz\/tool-maintenance\/","title":{"rendered":"\u00dadr\u017eba forem"},"content":{"rendered":"<p><a href=\"http:\/\/www.pt-machinery.eu\/wp-content\/uploads\/2016\/01\/WP_20140923_001.jpg\" rel=\"attachment wp-att-123\"><img loading=\"lazy\" class=\"size-medium wp-image-123 alignright\" src=\"http:\/\/www.pt-machinery.eu\/wp-content\/uploads\/2016\/01\/WP_20140923_001-300x169.jpg\" alt=\"WP_20140923_001\" width=\"300\" height=\"169\" srcset=\"https:\/\/www.pt-machinery.eu\/wp-content\/uploads\/2016\/01\/WP_20140923_001-300x169.jpg 300w, https:\/\/www.pt-machinery.eu\/wp-content\/uploads\/2016\/01\/WP_20140923_001-768x431.jpg 768w, https:\/\/www.pt-machinery.eu\/wp-content\/uploads\/2016\/01\/WP_20140923_001-1024x575.jpg 1024w\" sizes=\"(max-width: 300px) 100vw, 300px\" \/><\/a>Prov\u00e1d\u00edme \u00fadr\u017ebu forem pro GN Thermoforming stroje 1713 \/ 2220 \/ 3021 \/ 760 \/ 1914<\/p>\n<p>Brou\u0161en\u00ed a celkov\u00e1 \u00fadr\u017eba sekac\u00edch no\u017e\u016f.<\/p>\n<p>&nbsp;<\/p>","protected":false},"excerpt":{"rendered":"<p>Prov\u00e1d\u00edme \u00fadr\u017ebu forem pro GN Thermoforming stroje 1713 \/ 2220 \/ 3021 \/ 760 \/ 1914 Brou\u0161en\u00ed a celkov\u00e1 \u00fadr\u017eba sekac\u00edch no\u017e\u016f. &nbsp;<\/p>\n","protected":false},"author":1,"featured_media":0,"parent":0,"menu_order":0,"comment_status":"closed","ping_status":"closed","template":"","meta":{"spay_email":""},"jetpack_sharing_enabled":true,"jetpack_shortlink":"https:\/\/wp.me\/P8Souy-1X","jetpack-related-posts":[{"id":409,"url":"https:\/\/www.pt-machinery.eu\/cz\/products2\/cip-thermoforming-machine-plc-retrofit\/","url_meta":{"origin":121,"position":0},"title":"[:en]CIP Thermoforming machine PLC retrofit[:]","date":"02\/07\/2020","format":false,"excerpt":"Chyb\u00ed obsah For the sake of viewer convenience, the content is shown below in the alternative language. You may click the link to switch the active language.CIP Thermoforming machine PLC retrofit Because of obsolete PLC parts used in old CIP thermoforming machines , we have developed plug in PLC retrofit.\u2026","rel":"","context":"Similar post","img":{"alt_text":"","src":"","width":0,"height":0},"classes":[]},{"id":16,"url":"https:\/\/www.pt-machinery.eu\/cz\/service\/","url_meta":{"origin":121,"position":1},"title":"[:en]Service[:cz]Servis[:es]Service[:ru]Service[:]","date":"08\/12\/2015","format":false,"excerpt":"Servis tvarovac\u00edch stoj\u016f v\u00a0plastik\u00e1\u0159sk\u00e9m pr\u016fmyslu, \u00fazce spolupracujeme s firmou GN Thermoforming \u2013 opravy stroj\u016f, \u0161kolen\u00ed, odborn\u00e9 poradenstv\u00ed v\u00a0oblasti tvarov\u00e1n\u00ed plast\u016f . Servis PLC syst\u00e9m\u016f Siemens, Schneider electric, Bosh rexroth, B&R, Omron. Elektroinstalace \u2013 pr\u016fmyslov\u00e9 rozvody, kompletn\u00ed dod\u00e1vky elektro prac\u00ed, modernizace elektrick\u00fdch za\u0159\u00edzen\u00ed, automatizace. \u00a0 Pro popt\u00e1vku pou\u017eijte n\u00e1\u0161 kontaktn\u00ed formul\u00e1\u0159:","rel":"","context":"Similar post","img":{"alt_text":"","src":"","width":0,"height":0},"classes":[]},{"id":18,"url":"https:\/\/www.pt-machinery.eu\/cz\/reference\/","url_meta":{"origin":121,"position":2},"title":"Reference","date":"08\/12\/2015","format":false,"excerpt":"N\u011bkte\u0159\u00ed z na\u0161ich spokojen\u00fdch z\u00e1kazn\u00edk\u016f: \u00a0 EKAN sevis s.r.o.\u00a0 -\u00a0 Czech Republic GN Thermoforming\u00a0 -\u00a0 Canada MULTITRAY\u00a0 -\u00a0 Netherlands Sirap Gema\u00a0 -\u00a0 Italy Mobal s.r.o.\u00a0 -\u00a0 Czech Republic Visibox s.r.o.\u00a0 -\u00a0 Czech Republic Pars Plastic Khuzestan\u00a0 -\u00a0 Iran Duton\u00a0 -\u00a0 Romania P2P\u00a0 -\u00a0 Netherlands POLYER\u00a0 -\u00a0 Russia Nutrigo\u00a0 -\u00a0 Mexico\u2026","rel":"","context":"Similar post","img":{"alt_text":"","src":"","width":0,"height":0},"classes":[]},{"id":196,"url":"https:\/\/www.pt-machinery.eu\/cz\/products2\/universal-vacuum-tray\/","url_meta":{"origin":121,"position":3},"title":"[:en]Universal Vacuum Tray[:cz]Univerz\u00e1ln\u00ed uklada\u010d[:]","date":"21\/06\/2017","format":false,"excerpt":"Universal vacuum tray for robotic systems This unique system has been developed according to the requirements of customers for precise, continuous and variable stacking of plastic products. The system is adjustable in three axes. It can be used for different shapes of stacked products. This system can be reconfigured for\u2026","rel":"","context":"Similar post","img":{"alt_text":"","src":"","width":0,"height":0},"classes":[]},{"id":281,"url":"https:\/\/www.pt-machinery.eu\/cz\/products2\/custom-vacuum-tray\/","url_meta":{"origin":121,"position":4},"title":"Customized Vacuum Tray","date":"27\/06\/2017","format":false,"excerpt":"Customized Vacuum Tray The light design of the vacuum tray for GN 760 robotic stacker. The gentle system for the servo motors and stacker belt. https:\/\/www.youtube.com\/watch?v=xEUHFed495s \u00a0 For your inquiry, please fill-in following form:","rel":"","context":"Similar post","img":{"alt_text":"","src":"https:\/\/i0.wp.com\/img.youtube.com\/vi\/xEUHFed495s\/0.jpg?resize=350%2C200","width":350,"height":200},"classes":[]},{"id":205,"url":"https:\/\/www.pt-machinery.eu\/cz\/products2\/servo-upstacker\/","url_meta":{"origin":121,"position":5},"title":"Servo Upstacker","date":"21\/06\/2017","format":false,"excerpt":"Servo Upstacker unit Suitable for CIP machines (GN Thermoforming and Scope machines) Cheaper option for stacking unit - smooth running - max. speed \u2013 60cyc\/min. - 3 modes of automatic clearance - automatic machine slow down after the first stacks - stacking speed and acc.\/dcc. control - easy adjustable conveyor\u2026","rel":"","context":"Similar post","img":{"alt_text":"","src":"","width":0,"height":0},"classes":[]}],"_links":{"self":[{"href":"https:\/\/www.pt-machinery.eu\/cz\/wp-json\/wp\/v2\/pages\/121"}],"collection":[{"href":"https:\/\/www.pt-machinery.eu\/cz\/wp-json\/wp\/v2\/pages"}],"about":[{"href":"https:\/\/www.pt-machinery.eu\/cz\/wp-json\/wp\/v2\/types\/page"}],"author":[{"embeddable":true,"href":"https:\/\/www.pt-machinery.eu\/cz\/wp-json\/wp\/v2\/users\/1"}],"replies":[{"embeddable":true,"href":"https:\/\/www.pt-machinery.eu\/cz\/wp-json\/wp\/v2\/comments?post=121"}],"version-history":[{"count":4,"href":"https:\/\/www.pt-machinery.eu\/cz\/wp-json\/wp\/v2\/pages\/121\/revisions"}],"predecessor-version":[{"id":142,"href":"https:\/\/www.pt-machinery.eu\/cz\/wp-json\/wp\/v2\/pages\/121\/revisions\/142"}],"wp:attachment":[{"href":"https:\/\/www.pt-machinery.eu\/cz\/wp-json\/wp\/v2\/media?parent=121"}],"curies":[{"name":"wp","href":"https:\/\/api.w.org\/{rel}","templated":true}]}}