{"id":159,"date":"2017-06-08T00:00:00","date_gmt":"2017-06-08T00:00:00","guid":{"rendered":"http:\/\/www.pt-machinery.eu\/awpcp\/"},"modified":"2017-06-23T11:34:22","modified_gmt":"2017-06-23T11:34:22","slug":"second-hand-machines","status":"publish","type":"page","link":"https:\/\/www.pt-machinery.eu\/cz\/second-hand-machines\/","title":{"rendered":"Used machines"},"content":{"rendered":"<div id=\"classiwrapper\">\n    \n        <div class=\"uiwelcome\"><b>Buy and sell used equipment with our help! See the section below.<\/b>\r\n\r\n<p>Feel free to use this page to place your classified and we will help you with the whole process. We provide repairs and modernisation of used thermoforming machinery. We offer you complete refurbishment and modernisation of \u201eCut in Place\u201c machines, UP- Stacker, Robotic stacker. We provide professional counseling for purchase of used machines as well as expert estimation of costs for necessary repairs.<\/p>\r\n\r\n<b>Machines for sale:<\/b><\/div>\n    \n        <div class=\"awpcp-classifieds-search-bar\" data-breakpoints='{\"tiny\": [0,450]}' data-breakpoints-class-prefix=\"awpcp-classifieds-search-bar\">\n    <form action=\"https:\/\/www.pt-machinery.eu\/cz\/second-hand-machines\/search-ads\/\" method=\"get\">\n                <input type=\"hidden\" name=\"awpcp-step\" value=\"dosearch\" \/>\n        <div class=\"awpcp-classifieds-search-bar--query-field\">\n            <label class=\"screen-reader-text\" for=\"awpcp-search-query-field\">Search for:<\/label>\n            <input id=\"awpcp-search-query-field\" type=\"text\" name=\"keywordphrase\" \/>\n        <\/div>\n        <div class=\"awpcp-classifieds-search-bar--submit-button\">\n            <input class=\"button\" type=\"submit\" value=\"Find Listings\" \/>\n        <\/div>\n        <div class=\"awpcp-classifieds-search-bar--advanced-search-link\"><a href=\"https:\/\/www.pt-machinery.eu\/cz\/second-hand-machines\/search-ads\/\">Advanced Search <\/a><\/div>\n    <\/form>\n<\/div>\n<ul class=\"awpcp-classifieds-menu awpcp-clearfix\" data-breakpoints='{\"tiny\": [0,400], \"small\": [400,500]}' data-breakpoints-class-prefix=\"awpcp-classifieds-menu\">\n    <li class=\"awpcp-classifieds-menu--menu-item awpcp-classifieds-menu--post-listing-menu-item\">\n        <a class=\"awpcp-classifieds-menu--menu-item-link button\" href=\"https:\/\/www.pt-machinery.eu\/cz\/second-hand-machines\/place-ad\">Place Ad<\/a>\n    <\/li>\n    <li class=\"awpcp-classifieds-menu--menu-item awpcp-classifieds-menu--edit-listing-menu-item\">\n        <a class=\"awpcp-classifieds-menu--menu-item-link button\" href=\"https:\/\/www.pt-machinery.eu\/cz\/second-hand-machines\/edit-ad\">Edit Ad<\/a>\n    <\/li>\n    <li class=\"awpcp-classifieds-menu--menu-item awpcp-classifieds-menu--browse-listings-menu-item\">\n        <a class=\"awpcp-classifieds-menu--menu-item-link button\" href=\"https:\/\/www.pt-machinery.eu\/cz\/second-hand-machines\/browse-ads\">Browse Ads<\/a>\n    <\/li>\n    <li class=\"awpcp-classifieds-menu--menu-item awpcp-classifieds-menu--search-listings-menu-item\">\n        <a class=\"awpcp-classifieds-menu--menu-item-link button\" href=\"https:\/\/www.pt-machinery.eu\/cz\/second-hand-machines\/search-ads\">Search Ads<\/a>\n    <\/li>\n<\/ul>\n    \n    <form class=\"awpcp-category-switcher\" method=\"post\" action=\"https:\/\/www.pt-machinery.eu\/cz\/second-hand-machines\/browse-ads\">\n        <input type=\"hidden\" name=\"offset\" value=\"0\" \/>\n    \n    <div class=\"awpcp-category-dropdown-container\">\n        <label class=\"awpcp-category-dropdown-label\" for=\"awpcp-category-dropdown-69f1cbe4bc39a\">Category:<\/label>\n\n\n<select id=\"awpcp-category-dropdown-69f1cbe4bc39a\" class=\"awpcp-category-dropdown awpcp-dropdown \" name=\"awpcp_category_id\" data-hash=\"69f1cbe4bc39a\" placeholder=\"All Categories\" data-auto=\"auto\" style=\"width: 100%\">\n        <option class=\"awpcp-dropdown-placeholder\">All Categories<\/option>\n        <option class=\"dropdownparentcategory\" value=\"3\">General<\/option><\/select>\n\n\n<script type=\"text\/javascript\">var categories_69f1cbe4bc39a = {\"mode\":\"basic\",\"select2\":{\"containerCssClass\":\"awpcp-category-dropdown-selection\",\"dropdownCssClass\":\"awpcp-category-dropdown-options\",\"allowClear\":true,\"placeholder\":\"All Categories\",\"maximumSelectionLength\":100},\"selectedCategoriesIds\":[],\"categoriesHierarchy\":{\"root\":[{\"term_id\":3,\"name\":\"General\",\"slug\":\"general\",\"term_group\":0,\"term_taxonomy_id\":3,\"taxonomy\":\"awpcp_listing_category\",\"description\":\"\",\"parent\":0,\"count\":1,\"filter\":\"raw\"}]},\"paymentTerms\":[],\"subcategoryLabel\":\"Select a Sub-category\"};<\/script>\n    <\/div>\n<\/form>\n    <div class=\"awpcp-pagination pager\">\n    \n    <\/div>\n    \n    <div class=\"awpcp-listings awpcp-clearboth\">\n                    <div class=\"awpcp-listing-excerpt displayaditemseven $isfeaturedclass\" data-breakpoints-class-prefix=\"awpcp-listing-excerpt\" data-breakpoints='{\"tiny\": [0,328], \"small\": [328,600], \"medium\": [600,999999]}'>\r\n    <div class=\"awpcp-listing-excerpt-thumbnail\">\r\n        <a class=\"awpcp-listing-primary-image-listing-link\" href=\"https:\/\/www.pt-machinery.eu\/cz\/second-hand-machines\/show-ad\/372\/gn3625-up-stacker\/tabor\/czech-republic\/general\/\"><img width=\"80\" height=\"80\" src=\"https:\/\/www.pt-machinery.eu\/wp-content\/uploads\/2017\/06\/wp_20170601_022-798813c9-scaled-80x80.jpg\" class=\"awpcp-listing-primary-image-thumbnail\" alt=\"GN3625 UP- Stacker\" loading=\"lazy\" srcset=\"https:\/\/www.pt-machinery.eu\/wp-content\/uploads\/2017\/06\/wp_20170601_022-798813c9-scaled-80x80.jpg 80w, https:\/\/www.pt-machinery.eu\/wp-content\/uploads\/2017\/06\/wp_20170601_022-798813c9-scaled-125x125.jpg 125w, https:\/\/www.pt-machinery.eu\/wp-content\/uploads\/2017\/06\/wp_20170601_022-798813c9-scaled-200x200.jpg 200w\" sizes=\"(max-width: 80px) 100vw, 80px\" \/><\/a>\r\n    <\/div>\r\n    <div class=\"awpcp-listing-excerpt-inner\" style=\"w\">\r\n        <h4 class=\"awpcp-listing-title\"><a href=\"https:\/\/www.pt-machinery.eu\/cz\/second-hand-machines\/show-ad\/372\/gn3625-up-stacker\/tabor\/czech-republic\/general\/\">GN3625 UP- Stacker<\/a><\/h4>\r\n        <div class=\"awpcp-listing-excerpt-content\">Used GN 3625 UP- Stackers in good condition. Year of fabrication 2007 - 2011. Special customized upgrades.<\/div>\r\n    <\/div>\r\n    <div class=\"awpcp-listing-excerpt-extra\">\r\n        08\/06\/2017<br\/>\r\n        \r\n        \r\n        Total views: 291<br\/>\r\n        Price: 15000,00 \u20ac\r\n        \r\n    <\/div>\r\n    <span class=\"fixfloat\"><\/span>\r\n<\/div>\r\n<div class=\"fixfloat\"><\/div>            <\/div>\n\n    <div class=\"awpcp-pagination pager\">\n    \n        <form class=\"awpcp-pagination-form\" method=\"get\">\n        \n        \n        <label for=\"awpcp-pagination-results-0-77140400-1777454052\">Ads per page:<\/label>\n\n        <select id=\"awpcp-pagination-results-0-77140400-1777454052\" name=\"results\">\n                                <option value=\"5\">5<\/option>\n                                            <option value=\"10\" selected=\"selected\">10<\/option>\n                                            <option value=\"20\">20<\/option>\n                                            <option value=\"30\">30<\/option>\n                                            <option value=\"40\">40<\/option>\n                                            <option value=\"50\">50<\/option>\n                                            <option value=\"60\">60<\/option>\n                                            <option value=\"70\">70<\/option>\n                                            <option value=\"80\">80<\/option>\n                                            <option value=\"90\">90<\/option>\n                                            <option value=\"100\">100<\/option>\n                                            <option value=\"500\">500<\/option>\n                            <\/select>\n\n            <\/form>\n    <\/div>\n        <\/div>\n\n","protected":false},"excerpt":{"rendered":"","protected":false},"author":1,"featured_media":0,"parent":0,"menu_order":0,"comment_status":"closed","ping_status":"closed","template":"","meta":{"spay_email":""},"jetpack_sharing_enabled":true,"jetpack_shortlink":"https:\/\/wp.me\/P8Souy-2z","jetpack-related-posts":[{"id":409,"url":"https:\/\/www.pt-machinery.eu\/cz\/products2\/cip-thermoforming-machine-plc-retrofit\/","url_meta":{"origin":159,"position":0},"title":"[:en]CIP Thermoforming machine PLC retrofit[:]","date":"02\/07\/2020","format":false,"excerpt":"Chyb\u00ed obsah For the sake of viewer convenience, the content is shown below in the alternative language. You may click the link to switch the active language.CIP Thermoforming machine PLC retrofit Because of obsolete PLC parts used in old CIP thermoforming machines , we have developed plug in PLC retrofit.\u2026","rel":"","context":"Similar post","img":{"alt_text":"","src":"","width":0,"height":0},"classes":[]},{"id":11,"url":"https:\/\/www.pt-machinery.eu\/cz\/","url_meta":{"origin":159,"position":1},"title":"[:en]Home[:cz]Home[:es]About[:ru]About[:]","date":"08\/12\/2015","format":false,"excerpt":"\u00a0 \u00a0 O n\u00e1s: Spole\u010dnost byla zalo\u017eena na z\u00e1klad\u011b st\u00e1le se zvy\u0161uj\u00edc\u00ed popt\u00e1vky po servisu pr\u016fmyslov\u00fdch stroj\u016f. PT Machinery se p\u0159edev\u0161\u00edm zam\u011b\u0159uje na servis stroj\u016f pro plastik\u00e1\u0159sk\u00fd pr\u016fmysl, tvarovac\u00ed stroje (Cut In Place) a paletiza\u010dn\u00ed jednotky. Pro tvarovac\u00ed stroje CIP d\u00e1le prov\u00e1d\u00edme renovace, modernizace, retrofitov\u00e1n\u00ed PLC syst\u00e9m\u016f pou\u017eit\u00fdch stroj\u016f, odborn\u00e9\u2026","rel":"","context":"Similar post","img":{"alt_text":"","src":"","width":0,"height":0},"classes":[]},{"id":221,"url":"https:\/\/www.pt-machinery.eu\/cz\/products2\/data-logger\/","url_meta":{"origin":159,"position":2},"title":"Data Logger","date":"21\/06\/2017","format":false,"excerpt":"Data Logger The data logger is the online connection with the DX machines. The data logger is based on the style of Industry 4.0. (internet of things). The first idea was to get the machine online for error diagnostics and remote customer technical support. We add a lot of other\u2026","rel":"","context":"Similar post","img":{"alt_text":"","src":"","width":0,"height":0},"classes":[]},{"id":205,"url":"https:\/\/www.pt-machinery.eu\/cz\/products2\/servo-upstacker\/","url_meta":{"origin":159,"position":3},"title":"Servo Upstacker","date":"21\/06\/2017","format":false,"excerpt":"Servo Upstacker unit Suitable for CIP machines (GN Thermoforming and Scope machines) Cheaper option for stacking unit - smooth running - max. speed \u2013 60cyc\/min. - 3 modes of automatic clearance - automatic machine slow down after the first stacks - stacking speed and acc.\/dcc. control - easy adjustable conveyor\u2026","rel":"","context":"Similar post","img":{"alt_text":"","src":"","width":0,"height":0},"classes":[]},{"id":160,"url":"https:\/\/www.pt-machinery.eu\/cz\/second-hand-machines\/show-ad\/","url_meta":{"origin":159,"position":4},"title":"Show Ad","date":"08\/06\/2017","format":false,"excerpt":"","rel":"","context":"Similar post","img":{"alt_text":"","src":"","width":0,"height":0},"classes":[]},{"id":161,"url":"https:\/\/www.pt-machinery.eu\/cz\/second-hand-machines\/reply-to-ad\/","url_meta":{"origin":159,"position":5},"title":"Reply To Ad","date":"08\/06\/2017","format":false,"excerpt":"","rel":"","context":"Similar post","img":{"alt_text":"","src":"","width":0,"height":0},"classes":[]}],"_links":{"self":[{"href":"https:\/\/www.pt-machinery.eu\/cz\/wp-json\/wp\/v2\/pages\/159"}],"collection":[{"href":"https:\/\/www.pt-machinery.eu\/cz\/wp-json\/wp\/v2\/pages"}],"about":[{"href":"https:\/\/www.pt-machinery.eu\/cz\/wp-json\/wp\/v2\/types\/page"}],"author":[{"embeddable":true,"href":"https:\/\/www.pt-machinery.eu\/cz\/wp-json\/wp\/v2\/users\/1"}],"replies":[{"embeddable":true,"href":"https:\/\/www.pt-machinery.eu\/cz\/wp-json\/wp\/v2\/comments?post=159"}],"version-history":[{"count":3,"href":"https:\/\/www.pt-machinery.eu\/cz\/wp-json\/wp\/v2\/pages\/159\/revisions"}],"predecessor-version":[{"id":229,"href":"https:\/\/www.pt-machinery.eu\/cz\/wp-json\/wp\/v2\/pages\/159\/revisions\/229"}],"wp:attachment":[{"href":"https:\/\/www.pt-machinery.eu\/cz\/wp-json\/wp\/v2\/media?parent=159"}],"curies":[{"name":"wp","href":"https:\/\/api.w.org\/{rel}","templated":true}]}}