{"id":16,"date":"2015-12-08T08:49:11","date_gmt":"2015-12-08T08:49:11","guid":{"rendered":"http:\/\/www.pt-machinery.eu\/?page_id=16"},"modified":"2017-06-13T09:11:29","modified_gmt":"2017-06-13T09:11:29","slug":"service","status":"publish","type":"page","link":"https:\/\/www.pt-machinery.eu\/cz\/service\/","title":{"rendered":"Servis"},"content":{"rendered":"<p><\/p>\n<p style=\"text-align: center;\">\n\t\t\t\t\t\n\n\t\t\t\t\t<!-- START UNITE GALLERY LITE 1.7.54 -->\n\t\t\t\t\t\n\t\t\t\t\n\t\t\t<div id='unitegallery_3_1' class='unite-gallery' style='margin:0px auto;'>\n\t\t\t\t\n\n\t\t\t\t\t\t<img alt=\"100_4425\"\n\t\t\t\t\t\t     src=\"\" data-image=\"https:\/\/www.pt-machinery.eu\/wp-content\/uploads\/2015\/12\/100_4425.jpg\"\n\t\t\t\t\t\t     data-thumb=\"https:\/\/www.pt-machinery.eu\/wp-content\/uploads\/2015\/12\/100_4425-300x225.jpg\"\n\t\t\t\t\t\t     title=\"\"\n\t\t\t\t\t\t     style=\"display:none\">\n\n\t\t\t\t\t\t<img alt=\"100_4491\"\n\t\t\t\t\t\t     src=\"\" data-image=\"https:\/\/www.pt-machinery.eu\/wp-content\/uploads\/2015\/12\/100_4491.jpg\"\n\t\t\t\t\t\t     data-thumb=\"https:\/\/www.pt-machinery.eu\/wp-content\/uploads\/2015\/12\/100_4491-300x225.jpg\"\n\t\t\t\t\t\t     title=\"\"\n\t\t\t\t\t\t     style=\"display:none\">\n\n\t\t\t\t\t\t<img alt=\"100_4839\"\n\t\t\t\t\t\t     src=\"\" data-image=\"https:\/\/www.pt-machinery.eu\/wp-content\/uploads\/2015\/12\/100_4839.jpg\"\n\t\t\t\t\t\t     data-thumb=\"https:\/\/www.pt-machinery.eu\/wp-content\/uploads\/2015\/12\/100_4839-300x225.jpg\"\n\t\t\t\t\t\t     title=\"\"\n\t\t\t\t\t\t     style=\"display:none\">\n\n\t\t\t\t\t\t<img alt=\"100_4846\"\n\t\t\t\t\t\t     src=\"\" data-image=\"https:\/\/www.pt-machinery.eu\/wp-content\/uploads\/2015\/12\/100_4846.jpg\"\n\t\t\t\t\t\t     data-thumb=\"https:\/\/www.pt-machinery.eu\/wp-content\/uploads\/2015\/12\/100_4846-300x225.jpg\"\n\t\t\t\t\t\t     title=\"\"\n\t\t\t\t\t\t     style=\"display:none\">\n\n\t\t\t\t\t\t<img alt=\"P1030841\"\n\t\t\t\t\t\t     src=\"\" data-image=\"https:\/\/www.pt-machinery.eu\/wp-content\/uploads\/2015\/12\/P1030841.jpg\"\n\t\t\t\t\t\t     data-thumb=\"https:\/\/www.pt-machinery.eu\/wp-content\/uploads\/2015\/12\/P1030841-300x169.jpg\"\n\t\t\t\t\t\t     title=\"\"\n\t\t\t\t\t\t     style=\"display:none\">\n\n\t\t\t\t\t\t<img alt=\"WP_20151116_005\"\n\t\t\t\t\t\t     src=\"\" data-image=\"https:\/\/www.pt-machinery.eu\/wp-content\/uploads\/2015\/12\/WP_20151116_005.jpg\"\n\t\t\t\t\t\t     data-thumb=\"https:\/\/www.pt-machinery.eu\/wp-content\/uploads\/2015\/12\/WP_20151116_005-300x169.jpg\"\n\t\t\t\t\t\t     title=\"\"\n\t\t\t\t\t\t     style=\"display:none\">\n\t\t\t<\/div>\n\n\t\t\t<script type='text\/javascript'>\n\t\t\t\twindow.onload = function(e) {\n\t\t\t\t\tif(typeof ugCheckForErrors == \"undefined\"){\n\t\t\t\t\t\tdocument.getElementById(\"unitegallery_3_1\").innerHTML = \"<span style='color:red'>Unite Gallery Error - gallery js and css files not included in the footer. Please make sure that wp_footer() function is added to your theme.<\/span>\";}\n\t\t\t\t\telse{ ugCheckForErrors(\"unitegallery_3_1\", \"jquery\");}\n\t\t\t\t};\n\t\t\t<\/script>\n\n\t\t\t<!-- END UNITEGALLERY LITE--><\/p>\n<p><strong>Servis tvarovac\u00edch stoj\u016f<\/strong> v\u00a0plastik\u00e1\u0159sk\u00e9m pr\u016fmyslu, \u00fazce spolupracujeme s firmou GN Thermoforming \u2013 opravy stroj\u016f, \u0161kolen\u00ed, odborn\u00e9 poradenstv\u00ed v\u00a0oblasti tvarov\u00e1n\u00ed plast\u016f .<\/p>\n<p><strong>Servis PLC syst\u00e9m\u016f<\/strong> Siemens, Schneider electric, Bosh rexroth, B<span lang=\"en-GB\">&amp;R, Omron.<\/span><\/p>\n<p><strong>Elektroinstalace<\/strong> \u2013 pr\u016fmyslov\u00e9 rozvody, kompletn\u00ed dod\u00e1vky elektro prac\u00ed, modernizace elektrick\u00fdch za\u0159\u00edzen\u00ed, automatizace.<\/p>\n<p>&nbsp;<\/p>\n<p>Pro popt\u00e1vku pou\u017eijte n\u00e1\u0161 kontaktn\u00ed formul\u00e1\u0159:<\/p>\n<p><div class=\"frm_forms  with_frm_style frm_style_formidable-style\" id=\"frm_form_3_container\" >\n<form enctype=\"multipart\/form-data\" method=\"post\" class=\"frm-show-form \" id=\"form_contact2\"  >\n<div class=\"frm_form_fields \">\n<fieldset>\n<legend class=\"frm_hidden\">Contact_CZ<\/legend>\n\n<div class=\"frm_fields_container\">\n<input type=\"hidden\" name=\"frm_action\" value=\"create\" \/>\n<input type=\"hidden\" name=\"form_id\" value=\"3\" \/>\n<input type=\"hidden\" name=\"frm_hide_fields_3\" id=\"frm_hide_fields_3\" value=\"\" \/>\n<input type=\"hidden\" name=\"form_key\" value=\"contact2\" \/>\n<input type=\"hidden\" name=\"item_meta[0]\" value=\"\" \/>\n<input type=\"hidden\" id=\"frm_submit_entry_3\" name=\"frm_submit_entry_3\" value=\"a2670aff1d\" \/><input type=\"hidden\" name=\"_wp_http_referer\" value=\"\/cz\/wp-json\/wp\/v2\/pages\/16\" \/><div id=\"frm_field_8_container\" class=\"frm_form_field form-field  frm_required_field frm_top_container frm_first frm_half\">\n    <label for=\"field_qh4icy2\" id=\"field_qh4icy2_label\" class=\"frm_primary_label\">Jm\u00e9no\n        <span class=\"frm_required\">*<\/span>\n    <\/label>\n    <input type=\"text\" id=\"field_qh4icy2\" name=\"item_meta[8]\" value=\"\"  data-reqmsg=\"This field cannot be blank.\" aria-required=\"true\" data-invmsg=\"Jm\u00e9no is invalid\" aria-invalid=\"false\"   aria-describedby=\"frm_desc_field_qh4icy2\"\/>\n    <div class=\"frm_description\" id=\"frm_desc_field_qh4icy2\">Jm\u00e9no<\/div>\n    \n<\/div>\n<div id=\"frm_field_9_container\" class=\"frm_form_field form-field  frm_required_field frm_hidden_container frm_half\">\n    <label for=\"field_ocfup12\" id=\"field_ocfup12_label\" class=\"frm_primary_label\">P\u0159\u00edjmen\u00ed\n        <span class=\"frm_required\">*<\/span>\n    <\/label>\n    <input type=\"text\" id=\"field_ocfup12\" name=\"item_meta[9]\" value=\"\"  data-reqmsg=\"This field cannot be blank.\" aria-required=\"true\" data-invmsg=\"P\u0159\u00edjmen\u00ed is invalid\" aria-invalid=\"false\"   aria-describedby=\"frm_desc_field_ocfup12\"\/>\n    <div class=\"frm_description\" id=\"frm_desc_field_ocfup12\">P\u0159\u00edjmen\u00ed<\/div>\n    \n<\/div>\n<div id=\"frm_field_10_container\" class=\"frm_form_field form-field  frm_required_field frm_top_container frm_first frm_half\">\n    <label for=\"field_29yf4d2\" id=\"field_29yf4d2_label\" class=\"frm_primary_label\">Email\n        <span class=\"frm_required\">*<\/span>\n    <\/label>\n    <input type=\"email\" id=\"field_29yf4d2\" name=\"item_meta[10]\" value=\"\"  data-reqmsg=\"This field cannot be blank.\" aria-required=\"true\" data-invmsg=\"Please enter a valid email address\" aria-invalid=\"false\"  \/>\n    \n    \n<\/div>\n<div id=\"frm_field_11_container\" class=\"frm_form_field form-field  frm_top_container frm_half\">\n    <label for=\"field_itt5me2\" id=\"field_itt5me2_label\" class=\"frm_primary_label\">Website\n        <span class=\"frm_required\"><\/span>\n    <\/label>\n    <input type=\"url\" id=\"field_itt5me2\" name=\"item_meta[11]\" value=\"\"  data-invmsg=\"Please enter a valid website\" aria-invalid=\"false\"  \/>\n    \n    \n<\/div>\n<div id=\"frm_field_12_container\" class=\"frm_form_field form-field  frm_required_field frm_top_container frm_full\">\n    <label for=\"field_e6lis62\" id=\"field_e6lis62_label\" class=\"frm_primary_label\">P\u0159edm\u011bt\n        <span class=\"frm_required\">*<\/span>\n    <\/label>\n    <input type=\"text\" id=\"field_e6lis62\" name=\"item_meta[12]\" value=\"\"  data-reqmsg=\"This field cannot be blank.\" aria-required=\"true\" data-invmsg=\"P\u0159edm\u011bt is invalid\" aria-invalid=\"false\"  \/>\n    \n    \n<\/div>\n<div id=\"frm_field_13_container\" class=\"frm_form_field form-field  frm_required_field frm_top_container frm_full\">\n    <label for=\"field_9jv0r12\" id=\"field_9jv0r12_label\" class=\"frm_primary_label\">Zpr\u00e1va\n        <span class=\"frm_required\">*<\/span>\n    <\/label>\n    <textarea name=\"item_meta[13]\" id=\"field_9jv0r12\" rows=\"5\"  data-reqmsg=\"This field cannot be blank.\" aria-required=\"true\" data-invmsg=\"Zpr\u00e1va is invalid\" aria-invalid=\"false\"  ><\/textarea>\n    \n    \n<\/div>\n<div id=\"frm_field_14_container\" class=\"frm_form_field form-field  frm_none_container\">\n    <label for=\"g-recaptcha-response\" id=\"field_62n6q32_label\" class=\"frm_primary_label\">Captcha\n        <span class=\"frm_required\"><\/span>\n    <\/label>\n    \n    \n    \n<\/div>\n<input type=\"hidden\" name=\"item_key\" value=\"\" \/>\n\t<div class=\"frm_verify\" >\n\t<label for=\"frm_email_3\">\n\t\tIf you are human, leave this field blank.\t<\/label>\n\t<input type=\"email\" class=\"frm_verify\" id=\"frm_email_3\" name=\"frm_verify\" value=\"\"  \/>\n<\/div>\n\t\t<div class=\"frm_submit\">\n\n<input type=\"submit\" value=\"Submit\"  \/>\n<img class=\"frm_ajax_loading\" src=\"https:\/\/www.pt-machinery.eu\/wp-content\/plugins\/formidable\/images\/ajax_loader.gif\" alt=\"Sending\"\/>\n\n<\/div><\/div>\n<\/fieldset>\n<\/div>\n<\/form>\n<\/div>\n<\/p>","protected":false},"excerpt":{"rendered":"<p>Servis tvarovac\u00edch stoj\u016f v\u00a0plastik\u00e1\u0159sk\u00e9m pr\u016fmyslu, \u00fazce spolupracujeme s firmou GN Thermoforming \u2013 opravy stroj\u016f, \u0161kolen\u00ed, odborn\u00e9 poradenstv\u00ed v\u00a0oblasti tvarov\u00e1n\u00ed plast\u016f . Servis PLC syst\u00e9m\u016f Siemens, Schneider electric, Bosh rexroth, B&amp;R, Omron. Elektroinstalace \u2013 pr\u016fmyslov\u00e9 rozvody, kompletn\u00ed dod\u00e1vky elektro prac\u00ed, modernizace elektrick\u00fdch za\u0159\u00edzen\u00ed, automatizace. &nbsp; Pro popt\u00e1vku pou\u017eijte n\u00e1\u0161 kontaktn\u00ed formul\u00e1\u0159:<\/p>\n","protected":false},"author":1,"featured_media":0,"parent":0,"menu_order":3,"comment_status":"closed","ping_status":"closed","template":"","meta":{"spay_email":""},"jetpack_sharing_enabled":true,"jetpack_shortlink":"https:\/\/wp.me\/P8Souy-g","jetpack-related-posts":[{"id":409,"url":"https:\/\/www.pt-machinery.eu\/cz\/products2\/cip-thermoforming-machine-plc-retrofit\/","url_meta":{"origin":16,"position":0},"title":"[:en]CIP Thermoforming machine PLC retrofit[:]","date":"02\/07\/2020","format":false,"excerpt":"Chyb\u00ed obsah For the sake of viewer convenience, the content is shown below in the alternative language. You may click the link to switch the active language.CIP Thermoforming machine PLC retrofit Because of obsolete PLC parts used in old CIP thermoforming machines , we have developed plug in PLC retrofit.\u2026","rel":"","context":"Similar post","img":{"alt_text":"","src":"","width":0,"height":0},"classes":[]},{"id":18,"url":"https:\/\/www.pt-machinery.eu\/cz\/reference\/","url_meta":{"origin":16,"position":1},"title":"Reference","date":"08\/12\/2015","format":false,"excerpt":"N\u011bkte\u0159\u00ed z na\u0161ich spokojen\u00fdch z\u00e1kazn\u00edk\u016f: \u00a0 EKAN sevis s.r.o.\u00a0 -\u00a0 Czech Republic GN Thermoforming\u00a0 -\u00a0 Canada MULTITRAY\u00a0 -\u00a0 Netherlands Sirap Gema\u00a0 -\u00a0 Italy Mobal s.r.o.\u00a0 -\u00a0 Czech Republic Visibox s.r.o.\u00a0 -\u00a0 Czech Republic Pars Plastic Khuzestan\u00a0 -\u00a0 Iran Duton\u00a0 -\u00a0 Romania P2P\u00a0 -\u00a0 Netherlands POLYER\u00a0 -\u00a0 Russia Nutrigo\u00a0 -\u00a0 Mexico\u2026","rel":"","context":"Similar post","img":{"alt_text":"","src":"","width":0,"height":0},"classes":[]},{"id":398,"url":"https:\/\/www.pt-machinery.eu\/cz\/products2\/conveyor-system\/","url_meta":{"origin":16,"position":2},"title":"Conveyor System","date":"19\/03\/2020","format":false,"excerpt":"Conveyor System Palletization system for thermoformed plastics products. The reduction of man labour in production goes down to 40%. The saving of production space is substantial. Fully automated system including electronic communication between the production machines and conveyor system. Industrial camera surveillance at the collection point, remote machine control, voice,\u2026","rel":"","context":"Similar post","img":{"alt_text":"","src":"","width":0,"height":0},"classes":[]},{"id":121,"url":"https:\/\/www.pt-machinery.eu\/cz\/tool-maintenance\/","url_meta":{"origin":16,"position":3},"title":"[:en]Tool maintenance[:cz]\u00dadr\u017eba forem[:]","date":"26\/01\/2016","format":false,"excerpt":"Prov\u00e1d\u00edme \u00fadr\u017ebu forem pro GN Thermoforming stroje 1713 \/ 2220 \/ 3021 \/ 760 \/ 1914 Brou\u0161en\u00ed a celkov\u00e1 \u00fadr\u017eba sekac\u00edch no\u017e\u016f. \u00a0","rel":"","context":"Similar post","img":{"alt_text":"","src":"","width":0,"height":0},"classes":[]},{"id":385,"url":"https:\/\/www.pt-machinery.eu\/cz\/products2\/roll-holder\/","url_meta":{"origin":16,"position":4},"title":"[:en]Roll holder[:cz]Roll Holder[:]","date":"19\/03\/2020","format":false,"excerpt":"Roll Holder The electrically driven roll holder for heavy rolls. (1,2 Ton \u2013 dia 1100mm ), no pressure air or hydraulic oil needed. Excellent for food industry environment. Suitable for thermoforming machines, possible unwind and brake upgrade. \u00a0 For your inquiry, please fill-in following form:","rel":"","context":"Similar post","img":{"alt_text":"","src":"","width":0,"height":0},"classes":[]},{"id":215,"url":"https:\/\/www.pt-machinery.eu\/cz\/products2\/robotic-stacker-custom-upgrades\/","url_meta":{"origin":16,"position":5},"title":"Robotic stacker custom upgrades","date":"21\/06\/2017","format":false,"excerpt":"Robotic stacker custom upgrades Customized vacuum pick up assembly for thermoforming pick and place robots. We can design and build a vacuum assembly in order of customer request. For your inquiry, please fill-in following form:","rel":"","context":"Similar post","img":{"alt_text":"","src":"","width":0,"height":0},"classes":[]}],"_links":{"self":[{"href":"https:\/\/www.pt-machinery.eu\/cz\/wp-json\/wp\/v2\/pages\/16"}],"collection":[{"href":"https:\/\/www.pt-machinery.eu\/cz\/wp-json\/wp\/v2\/pages"}],"about":[{"href":"https:\/\/www.pt-machinery.eu\/cz\/wp-json\/wp\/v2\/types\/page"}],"author":[{"embeddable":true,"href":"https:\/\/www.pt-machinery.eu\/cz\/wp-json\/wp\/v2\/users\/1"}],"replies":[{"embeddable":true,"href":"https:\/\/www.pt-machinery.eu\/cz\/wp-json\/wp\/v2\/comments?post=16"}],"version-history":[{"count":15,"href":"https:\/\/www.pt-machinery.eu\/cz\/wp-json\/wp\/v2\/pages\/16\/revisions"}],"predecessor-version":[{"id":195,"href":"https:\/\/www.pt-machinery.eu\/cz\/wp-json\/wp\/v2\/pages\/16\/revisions\/195"}],"wp:attachment":[{"href":"https:\/\/www.pt-machinery.eu\/cz\/wp-json\/wp\/v2\/media?parent=16"}],"curies":[{"name":"wp","href":"https:\/\/api.w.org\/{rel}","templated":true}]}}