{"id":196,"date":"2017-06-21T20:22:13","date_gmt":"2017-06-21T20:22:13","guid":{"rendered":"http:\/\/www.pt-machinery.eu\/?page_id=196"},"modified":"2017-06-23T12:13:02","modified_gmt":"2017-06-23T12:13:02","slug":"universal-vacuum-tray","status":"publish","type":"page","link":"https:\/\/www.pt-machinery.eu\/cz\/products2\/universal-vacuum-tray\/","title":{"rendered":"Univerz\u00e1ln\u00ed uklada\u010d"},"content":{"rendered":"<p>\n\t\t\t\t\t\n\n\t\t\t\t\t<!-- START UNITE GALLERY LITE 1.7.54 -->\n\t\t\t\t\t\n\t\t\t\t\n\t\t\t<div id='unitegallery_2_1' class='unite-gallery' style='margin:0px auto;'>\n\t\t\t\t\n\n\t\t\t\t\t\t<img alt=\"WP_20150924_002\"\n\t\t\t\t\t\t     src=\"\" data-image=\"https:\/\/www.pt-machinery.eu\/wp-content\/uploads\/2015\/12\/WP_20150924_002.jpg\"\n\t\t\t\t\t\t     data-thumb=\"https:\/\/www.pt-machinery.eu\/wp-content\/uploads\/2015\/12\/WP_20150924_002-300x169.jpg\"\n\t\t\t\t\t\t     title=\"\"\n\t\t\t\t\t\t     style=\"display:none\">\n\n\t\t\t\t\t\t<img alt=\"WP_20150924_001\"\n\t\t\t\t\t\t     src=\"\" data-image=\"https:\/\/www.pt-machinery.eu\/wp-content\/uploads\/2015\/12\/WP_20150924_001.jpg\"\n\t\t\t\t\t\t     data-thumb=\"https:\/\/www.pt-machinery.eu\/wp-content\/uploads\/2015\/12\/WP_20150924_001-300x169.jpg\"\n\t\t\t\t\t\t     title=\"\"\n\t\t\t\t\t\t     style=\"display:none\">\n\n\t\t\t\t\t\t<img alt=\"Universal vacuum tray\"\n\t\t\t\t\t\t     src=\"\" data-image=\"https:\/\/www.pt-machinery.eu\/wp-content\/uploads\/2015\/12\/WP_20150305_013.jpg\"\n\t\t\t\t\t\t     data-thumb=\"https:\/\/www.pt-machinery.eu\/wp-content\/uploads\/2015\/12\/WP_20150305_013-300x169.jpg\"\n\t\t\t\t\t\t     title=\"\"\n\t\t\t\t\t\t     style=\"display:none\">\n\t\t\t<\/div>\n\n\t\t\t<script type='text\/javascript'>\n\t\t\t\twindow.onload = function(e) {\n\t\t\t\t\tif(typeof ugCheckForErrors == \"undefined\"){\n\t\t\t\t\t\tdocument.getElementById(\"unitegallery_2_1\").innerHTML = \"<span style='color:red'>Unite Gallery Error - gallery js and css files not included in the footer. Please make sure that wp_footer() function is added to your theme.<\/span>\";}\n\t\t\t\t\telse{ ugCheckForErrors(\"unitegallery_2_1\", \"jquery\");}\n\t\t\t\t};\n\t\t\t<\/script>\n\n\t\t\t<!-- END UNITEGALLERY LITE--><\/p>\n<p style=\"text-align: center;\"><strong>Universal vacuum tray for robotic systems<\/strong><\/p>\n<p><span id=\"result_box\" class=\"\" lang=\"en\"><span class=\"hps\">This unique system<\/span> <span class=\"hps\">has been developed<\/span> <span class=\"hps\">according to the requirements<\/span> <span class=\"hps\">of customers for<\/span> <span class=\"hps\">precise<\/span>, <span class=\"hps\">continuous<\/span> <span class=\"hps\">and variable<\/span> <span class=\"hps\">stacking of<\/span> <span class=\"hps\">plastic products.<\/span><\/span><\/p>\n<p><span id=\"result_box\" class=\"\" lang=\"en\"><span class=\"hps\">The system is<\/span> <span class=\"hps\">adjustable<\/span> <span class=\"hps\">in three axes.<\/span> I<span class=\"hps\">t can<\/span> <span class=\"hps\">be used<\/span> <span class=\"hps\">for<\/span> <span class=\"hps\">different shapes of<\/span> <span class=\"hps\">stacked products<\/span><span class=\"\">.<\/span><\/span><\/p>\n<p><span id=\"result_box\" class=\"\" lang=\"en\"><span class=\"hps\">This system<\/span> <span class=\"hps\">can be reconfigured<\/span> <span class=\"hps\">for all your<\/span> <span class=\"hps\">moulds<\/span>. <span class=\"hps\">Adjusting time of<\/span> <span class=\"hps\">the system<\/span> <span class=\"hps\">may vary between<\/span> <span class=\"hps\">10 to 15<\/span> <span class=\"hps\">minutes.<\/span><\/span><\/p>\n<p><span id=\"result_box\" class=\"\" lang=\"en\"><span class=\"hps\">The system can be<\/span> <span class=\"hps\">used as<\/span> <span class=\"hps\">a testing tool<\/span> <span class=\"hps\">for<\/span> <span class=\"hps\">a new mould<\/span>, <span class=\"hps\">thereby saving<\/span> <span class=\"hps\">time and<\/span> <span class=\"hps\">costs otherwise spent on the<\/span> <span class=\"hps\">design<\/span> <span class=\"hps\">of a permanent<\/span> <span class=\"hps\">stacker<\/span><\/span>.<\/p>\n<p>T<span id=\"result_box\" class=\"\" lang=\"en\"><span class=\"hps\">his system<\/span> <span class=\"hps\">is light and<\/span> <span class=\"hps\">in<\/span> <span class=\"hps\">accordance with the standards<\/span> for <span class=\"hps\">robotic<\/span> <span class=\"hps\">machines<\/span> <span class=\"hps\">GN<\/span>.<\/span><\/p>\n<p><span id=\"result_box\" class=\"\" lang=\"en\"><span class=\"hps\">The universal vacuum tray <\/span><span class=\"hps\">can be used<\/span> <span class=\"hps\">for robotic systems<\/span><\/span> GN RSX 3625, GN RSX 3021, GN RS 3625, GN RS 3021.<\/p>\n<p>\n\t\t\t\t\t\n\n\t\t\t\t\t<!-- START UNITE GALLERY LITE 1.7.54 -->\n\t\t\t\t\t\n\t\t\t\t\n\t\t\t<div id='unitegallery_1_2' class='unite-gallery' style='margin:0px auto;'>\n\t\t\t\t\n\n\t\t\t\t\t\t<img alt=\"Universal vacuum tray vizualization \"\n\t\t\t\t\t\t    data-type=\"youtube\"  src=\"\" data-image=\"https:\/\/img.youtube.com\/vi\/kDhf4bcnJ88\/sddefault.jpg\"\n\t\t\t\t\t\t     data-thumb=\"https:\/\/img.youtube.com\/vi\/kDhf4bcnJ88\/mqdefault.jpg\"\n\t\t\t\t\t\t     title=\"\"\n\t\t\t\t\t\t     data-videoid=\"kDhf4bcnJ88\" style=\"display:none\">\n\n\t\t\t\t\t\t<img alt=\"Youtube Video\"\n\t\t\t\t\t\t    data-type=\"youtube\"  src=\"\" data-image=\"https:\/\/img.youtube.com\/vi\/zxYppzl09DE\/sddefault.jpg\"\n\t\t\t\t\t\t     data-thumb=\"https:\/\/img.youtube.com\/vi\/zxYppzl09DE\/mqdefault.jpg\"\n\t\t\t\t\t\t     title=\"\"\n\t\t\t\t\t\t     data-videoid=\"zxYppzl09DE\" style=\"display:none\">\n\n\t\t\t\t\t\t<img alt=\"Youtube Video\"\n\t\t\t\t\t\t    data-type=\"youtube\"  src=\"\" data-image=\"https:\/\/img.youtube.com\/vi\/M6YInefb2IY\/sddefault.jpg\"\n\t\t\t\t\t\t     data-thumb=\"https:\/\/img.youtube.com\/vi\/M6YInefb2IY\/mqdefault.jpg\"\n\t\t\t\t\t\t     title=\"\"\n\t\t\t\t\t\t     data-videoid=\"M6YInefb2IY\" style=\"display:none\">\n\n\t\t\t\t\t\t<img alt=\"Youtube Video\"\n\t\t\t\t\t\t    data-type=\"youtube\"  src=\"\" data-image=\"https:\/\/img.youtube.com\/vi\/Xzr6c4il5fo\/sddefault.jpg\"\n\t\t\t\t\t\t     data-thumb=\"https:\/\/img.youtube.com\/vi\/Xzr6c4il5fo\/mqdefault.jpg\"\n\t\t\t\t\t\t     title=\"\"\n\t\t\t\t\t\t     data-videoid=\"Xzr6c4il5fo\" style=\"display:none\">\n\n\t\t\t\t\t\t<img alt=\"Youtube Video\"\n\t\t\t\t\t\t    data-type=\"youtube\"  src=\"\" data-image=\"https:\/\/img.youtube.com\/vi\/7dYfKlXy_Uc\/sddefault.jpg\"\n\t\t\t\t\t\t     data-thumb=\"https:\/\/img.youtube.com\/vi\/7dYfKlXy_Uc\/mqdefault.jpg\"\n\t\t\t\t\t\t     title=\"\"\n\t\t\t\t\t\t     data-videoid=\"7dYfKlXy_Uc\" style=\"display:none\">\n\t\t\t<\/div>\n\n\n\t\t\t<!-- END UNITEGALLERY LITE--><\/p>\n<p>&nbsp;<\/p>\n<p>For your inquiry, please fill-in following form:<\/p>\n<div class=\"frm_forms  with_frm_style frm_style_formidable-style\" id=\"frm_form_6_container\" >\n<form enctype=\"multipart\/form-data\" method=\"post\" class=\"frm-show-form \" id=\"form_contact222\"  >\n<div class=\"frm_form_fields \">\n<fieldset>\n<legend class=\"frm_hidden\">Contact_EN<\/legend>\n\n<div class=\"frm_fields_container\">\n<input type=\"hidden\" name=\"frm_action\" value=\"create\" \/>\n<input type=\"hidden\" name=\"form_id\" value=\"6\" \/>\n<input type=\"hidden\" name=\"frm_hide_fields_6\" id=\"frm_hide_fields_6\" value=\"\" \/>\n<input type=\"hidden\" name=\"form_key\" value=\"contact222\" \/>\n<input type=\"hidden\" name=\"item_meta[0]\" value=\"\" \/>\n<input type=\"hidden\" id=\"frm_submit_entry_6\" name=\"frm_submit_entry_6\" value=\"a2670aff1d\" \/><input type=\"hidden\" name=\"_wp_http_referer\" value=\"\/cz\/wp-json\/wp\/v2\/pages\/196\" \/><div id=\"frm_field_22_container\" class=\"frm_form_field form-field  frm_required_field frm_top_container frm_first frm_half\">\n    <label for=\"field_qh4icy32\" id=\"field_qh4icy32_label\" class=\"frm_primary_label\">Name\n        <span class=\"frm_required\">*<\/span>\n    <\/label>\n    <input type=\"text\" id=\"field_qh4icy32\" name=\"item_meta[22]\" value=\"\"  data-reqmsg=\"This field cannot be blank.\" aria-required=\"true\" data-invmsg=\"Name is invalid\" aria-invalid=\"false\"   aria-describedby=\"frm_desc_field_qh4icy32\"\/>\n    <div class=\"frm_description\" id=\"frm_desc_field_qh4icy32\">Name<\/div>\n    \n<\/div>\n<div id=\"frm_field_23_container\" class=\"frm_form_field form-field  frm_required_field frm_hidden_container frm_half\">\n    <label for=\"field_ocfup132\" id=\"field_ocfup132_label\" class=\"frm_primary_label\">Family Name\n        <span class=\"frm_required\">*<\/span>\n    <\/label>\n    <input type=\"text\" id=\"field_ocfup132\" name=\"item_meta[23]\" value=\"\"  data-reqmsg=\"This field cannot be blank.\" aria-required=\"true\" data-invmsg=\"Family Name is invalid\" aria-invalid=\"false\"   aria-describedby=\"frm_desc_field_ocfup132\"\/>\n    <div class=\"frm_description\" id=\"frm_desc_field_ocfup132\">Family Name<\/div>\n    \n<\/div>\n<div id=\"frm_field_24_container\" class=\"frm_form_field form-field  frm_required_field frm_top_container frm_first frm_half\">\n    <label for=\"field_29yf4d32\" id=\"field_29yf4d32_label\" class=\"frm_primary_label\">Email\n        <span class=\"frm_required\">*<\/span>\n    <\/label>\n    <input type=\"email\" id=\"field_29yf4d32\" name=\"item_meta[24]\" value=\"\"  data-reqmsg=\"This field cannot be blank.\" aria-required=\"true\" data-invmsg=\"Please enter a valid email address\" aria-invalid=\"false\"  \/>\n    \n    \n<\/div>\n<div id=\"frm_field_25_container\" class=\"frm_form_field form-field  frm_top_container frm_half\">\n    <label for=\"field_itt5me32\" id=\"field_itt5me32_label\" class=\"frm_primary_label\">Website\n        <span class=\"frm_required\"><\/span>\n    <\/label>\n    <input type=\"url\" id=\"field_itt5me32\" name=\"item_meta[25]\" value=\"\"  data-invmsg=\"Please enter a valid website\" aria-invalid=\"false\"  \/>\n    \n    \n<\/div>\n<div id=\"frm_field_26_container\" class=\"frm_form_field form-field  frm_required_field frm_top_container frm_full\">\n    <label for=\"field_e6lis632\" id=\"field_e6lis632_label\" class=\"frm_primary_label\">Subject\n        <span class=\"frm_required\">*<\/span>\n    <\/label>\n    <input type=\"text\" id=\"field_e6lis632\" name=\"item_meta[26]\" value=\"\"  data-reqmsg=\"This field cannot be blank.\" aria-required=\"true\" data-invmsg=\"Subject is invalid\" aria-invalid=\"false\"  \/>\n    \n    \n<\/div>\n<div id=\"frm_field_27_container\" class=\"frm_form_field form-field  frm_required_field frm_top_container frm_full\">\n    <label for=\"field_9jv0r132\" id=\"field_9jv0r132_label\" class=\"frm_primary_label\">Message\n        <span class=\"frm_required\">*<\/span>\n    <\/label>\n    <textarea name=\"item_meta[27]\" id=\"field_9jv0r132\" rows=\"5\"  data-reqmsg=\"This field cannot be blank.\" aria-required=\"true\" data-invmsg=\"Message is invalid\" aria-invalid=\"false\"  ><\/textarea>\n    \n    \n<\/div>\n<div id=\"frm_field_28_container\" class=\"frm_form_field form-field  frm_none_container\">\n    <label for=\"g-recaptcha-response\" id=\"field_62n6q332_label\" class=\"frm_primary_label\">Captcha\n        <span class=\"frm_required\"><\/span>\n    <\/label>\n    \n    \n    \n<\/div>\n<input type=\"hidden\" name=\"item_key\" value=\"\" \/>\n\t<div class=\"frm_verify\" >\n\t<label for=\"frm_email_6\">\n\t\tIf you are human, leave this field blank.\t<\/label>\n\t<input type=\"email\" class=\"frm_verify\" id=\"frm_email_6\" name=\"frm_verify\" value=\"\"  \/>\n<\/div>\n\t\t<div class=\"frm_submit\">\n\n<input type=\"submit\" value=\"Submit\"  \/>\n<img class=\"frm_ajax_loading\" src=\"https:\/\/www.pt-machinery.eu\/wp-content\/plugins\/formidable\/images\/ajax_loader.gif\" alt=\"Sending\"\/>\n\n<\/div><\/div>\n<\/fieldset>\n<\/div>\n<\/form>\n<\/div>\n\n","protected":false},"excerpt":{"rendered":"<p>Universal vacuum tray for robotic systems This unique system has been developed according to the requirements of customers for precise, continuous and variable stacking of plastic products. The system is adjustable in three axes. It can be used for different shapes of stacked products. This system can be reconfigured for all your moulds. Adjusting time &hellip;<\/p>\n","protected":false},"author":1,"featured_media":0,"parent":227,"menu_order":0,"comment_status":"closed","ping_status":"closed","template":"","meta":{"spay_email":""},"jetpack_sharing_enabled":true,"jetpack_shortlink":"https:\/\/wp.me\/P8Souy-3a","jetpack-related-posts":[{"id":281,"url":"https:\/\/www.pt-machinery.eu\/cz\/products2\/custom-vacuum-tray\/","url_meta":{"origin":196,"position":0},"title":"Customized Vacuum Tray","date":"27\/06\/2017","format":false,"excerpt":"Customized Vacuum Tray The light design of the vacuum tray for GN 760 robotic stacker. The gentle system for the servo motors and stacker belt. https:\/\/www.youtube.com\/watch?v=xEUHFed495s \u00a0 For your inquiry, please fill-in following form:","rel":"","context":"Similar post","img":{"alt_text":"","src":"https:\/\/i0.wp.com\/img.youtube.com\/vi\/xEUHFed495s\/0.jpg?resize=350%2C200","width":350,"height":200},"classes":[]},{"id":205,"url":"https:\/\/www.pt-machinery.eu\/cz\/products2\/servo-upstacker\/","url_meta":{"origin":196,"position":1},"title":"Servo Upstacker","date":"21\/06\/2017","format":false,"excerpt":"Servo Upstacker unit Suitable for CIP machines (GN Thermoforming and Scope machines) Cheaper option for stacking unit - smooth running - max. speed \u2013 60cyc\/min. - 3 modes of automatic clearance - automatic machine slow down after the first stacks - stacking speed and acc.\/dcc. control - easy adjustable conveyor\u2026","rel":"","context":"Similar post","img":{"alt_text":"","src":"","width":0,"height":0},"classes":[]},{"id":215,"url":"https:\/\/www.pt-machinery.eu\/cz\/products2\/robotic-stacker-custom-upgrades\/","url_meta":{"origin":196,"position":2},"title":"Robotic stacker custom upgrades","date":"21\/06\/2017","format":false,"excerpt":"Robotic stacker custom upgrades Customized vacuum pick up assembly for thermoforming pick and place robots. We can design and build a vacuum assembly in order of customer request. For your inquiry, please fill-in following form:","rel":"","context":"Similar post","img":{"alt_text":"","src":"","width":0,"height":0},"classes":[]},{"id":398,"url":"https:\/\/www.pt-machinery.eu\/cz\/products2\/conveyor-system\/","url_meta":{"origin":196,"position":3},"title":"Conveyor System","date":"19\/03\/2020","format":false,"excerpt":"Conveyor System Palletization system for thermoformed plastics products. The reduction of man labour in production goes down to 40%. The saving of production space is substantial. Fully automated system including electronic communication between the production machines and conveyor system. Industrial camera surveillance at the collection point, remote machine control, voice,\u2026","rel":"","context":"Similar post","img":{"alt_text":"","src":"","width":0,"height":0},"classes":[]},{"id":221,"url":"https:\/\/www.pt-machinery.eu\/cz\/products2\/data-logger\/","url_meta":{"origin":196,"position":4},"title":"Data Logger","date":"21\/06\/2017","format":false,"excerpt":"Data Logger The data logger is the online connection with the DX machines. The data logger is based on the style of Industry 4.0. (internet of things). The first idea was to get the machine online for error diagnostics and remote customer technical support. We add a lot of other\u2026","rel":"","context":"Similar post","img":{"alt_text":"","src":"","width":0,"height":0},"classes":[]},{"id":227,"url":"https:\/\/www.pt-machinery.eu\/cz\/products2\/","url_meta":{"origin":196,"position":5},"title":"Products","date":"21\/06\/2017","format":false,"excerpt":"","rel":"","context":"Similar post","img":{"alt_text":"","src":"https:\/\/i2.wp.com\/www.pt-machinery.eu\/wp-content\/uploads\/2017\/06\/g3862.png?resize=350%2C200","width":350,"height":200},"classes":[]}],"_links":{"self":[{"href":"https:\/\/www.pt-machinery.eu\/cz\/wp-json\/wp\/v2\/pages\/196"}],"collection":[{"href":"https:\/\/www.pt-machinery.eu\/cz\/wp-json\/wp\/v2\/pages"}],"about":[{"href":"https:\/\/www.pt-machinery.eu\/cz\/wp-json\/wp\/v2\/types\/page"}],"author":[{"embeddable":true,"href":"https:\/\/www.pt-machinery.eu\/cz\/wp-json\/wp\/v2\/users\/1"}],"replies":[{"embeddable":true,"href":"https:\/\/www.pt-machinery.eu\/cz\/wp-json\/wp\/v2\/comments?post=196"}],"version-history":[{"count":7,"href":"https:\/\/www.pt-machinery.eu\/cz\/wp-json\/wp\/v2\/pages\/196\/revisions"}],"predecessor-version":[{"id":235,"href":"https:\/\/www.pt-machinery.eu\/cz\/wp-json\/wp\/v2\/pages\/196\/revisions\/235"}],"up":[{"embeddable":true,"href":"https:\/\/www.pt-machinery.eu\/cz\/wp-json\/wp\/v2\/pages\/227"}],"wp:attachment":[{"href":"https:\/\/www.pt-machinery.eu\/cz\/wp-json\/wp\/v2\/media?parent=196"}],"curies":[{"name":"wp","href":"https:\/\/api.w.org\/{rel}","templated":true}]}}