{"id":205,"date":"2017-06-21T20:58:13","date_gmt":"2017-06-21T20:58:13","guid":{"rendered":"http:\/\/www.pt-machinery.eu\/?page_id=205"},"modified":"2017-06-23T12:26:11","modified_gmt":"2017-06-23T12:26:11","slug":"servo-upstacker","status":"publish","type":"page","link":"https:\/\/www.pt-machinery.eu\/cz\/products2\/servo-upstacker\/","title":{"rendered":"Servo Upstacker"},"content":{"rendered":"<p>\n\t\t\t\t\t\n\n\t\t\t\t\t<!-- START UNITE GALLERY LITE 1.7.54 -->\n\t\t\t\t\t\n\t\t\t\t\n\t\t\t<div id='unitegallery_10_1' class='unite-gallery' style='margin:0px auto;'>\n\t\t\t\t\n\n\t\t\t\t\t\t<img alt=\"WP_20170215_023\"\n\t\t\t\t\t\t     src=\"\" data-image=\"https:\/\/www.pt-machinery.eu\/wp-content\/uploads\/2017\/06\/WP_20170215_023.jpg\"\n\t\t\t\t\t\t     data-thumb=\"https:\/\/www.pt-machinery.eu\/wp-content\/uploads\/2017\/06\/WP_20170215_023-300x169.jpg\"\n\t\t\t\t\t\t     title=\"\"\n\t\t\t\t\t\t     style=\"display:none\">\n\n\t\t\t\t\t\t<img alt=\"WP_20170215_025\"\n\t\t\t\t\t\t     src=\"\" data-image=\"https:\/\/www.pt-machinery.eu\/wp-content\/uploads\/2017\/06\/WP_20170215_025.jpg\"\n\t\t\t\t\t\t     data-thumb=\"https:\/\/www.pt-machinery.eu\/wp-content\/uploads\/2017\/06\/WP_20170215_025-300x169.jpg\"\n\t\t\t\t\t\t     title=\"\"\n\t\t\t\t\t\t     style=\"display:none\">\n\n\t\t\t\t\t\t<img alt=\"WP_20170215_028\"\n\t\t\t\t\t\t     src=\"\" data-image=\"https:\/\/www.pt-machinery.eu\/wp-content\/uploads\/2017\/06\/WP_20170215_028.jpg\"\n\t\t\t\t\t\t     data-thumb=\"https:\/\/www.pt-machinery.eu\/wp-content\/uploads\/2017\/06\/WP_20170215_028-300x169.jpg\"\n\t\t\t\t\t\t     title=\"\"\n\t\t\t\t\t\t     style=\"display:none\">\n\n\t\t\t\t\t\t<img alt=\"WP_20170120_134\"\n\t\t\t\t\t\t     src=\"\" data-image=\"https:\/\/www.pt-machinery.eu\/wp-content\/uploads\/2017\/06\/WP_20170120_134.jpg\"\n\t\t\t\t\t\t     data-thumb=\"https:\/\/www.pt-machinery.eu\/wp-content\/uploads\/2017\/06\/WP_20170120_134-300x169.jpg\"\n\t\t\t\t\t\t     title=\"\"\n\t\t\t\t\t\t     style=\"display:none\">\n\t\t\t<\/div>\n\n\t\t\t<script type='text\/javascript'>\n\t\t\t\twindow.onload = function(e) {\n\t\t\t\t\tif(typeof ugCheckForErrors == \"undefined\"){\n\t\t\t\t\t\tdocument.getElementById(\"unitegallery_10_1\").innerHTML = \"<span style='color:red'>Unite Gallery Error - gallery js and css files not included in the footer. Please make sure that wp_footer() function is added to your theme.<\/span>\";}\n\t\t\t\t\telse{ ugCheckForErrors(\"unitegallery_10_1\", \"jquery\");}\n\t\t\t\t};\n\t\t\t<\/script>\n\n\t\t\t<!-- END UNITEGALLERY LITE--><\/p>\n<p style=\"text-align: center;\"><strong>Servo Upstacker unit<br \/>\n<\/strong><\/p>\n<p><span id=\"result_box\" class=\"\" lang=\"en\"><span class=\"hps\">Suitable for CIP machines (GN Thermoforming and Scope machines)<br \/>\n<\/span><\/span>Cheaper option for stacking unit<\/p>\n<p class=\"m4800269662931530062msolistparagraph\">&#8211; smooth running<br \/>\n&#8211; max. speed \u2013 60cyc\/min.<br \/>\n&#8211; 3 modes of automatic clearance<br \/>\n&#8211; automatic machine slow down after the first stacks<br \/>\n&#8211; stacking speed and acc.\/dcc. control<br \/>\n&#8211; easy adjustable conveyor for production<br \/>\n&#8211; Up \/ Down \u2013 Forward \/ Backward<br \/>\n&#8211; conveyor speed PLC control<br \/>\n&#8211; fully adjustable system , during production<br \/>\n&#8211; recipe savings<br \/>\n&#8211; different clearance and machine modes adjustment<br \/>\n&#8211; motor torque limit protection<br \/>\n&#8211; adjustable output tray<br \/>\n&#8211; possibility of different angle<br \/>\n&#8211; energy efficient: electric consumption (2kW \u2013 when 40cyc.\/min.)<br \/>\n&#8211; online connection<br \/>\n&#8211; machine components made in EU<br \/>\n&#8211; worldwide parts available<br \/>\n&#8211; PLC system \u2013 BR Automation (Austria)<br \/>\n&#8211; Axis \u2013 Berger Lahr (Schneider electric) and Leantechnik (Germany)<br \/>\n&#8211; Gearbox \u2013 Neugart, Bonfiglioli (Germany,Italy)<br \/>\n&#8211; Structure \/ frame \u2013 Alutec (Italy)<br \/>\n&#8211; El.components \u2013 Rittal and Schneider electric (Germany, France)<\/p>\n<p>\n\t\t\t\t\t\n\n\t\t\t\t\t<!-- START UNITE GALLERY LITE 1.7.54 -->\n\t\t\t\t\t\n\t\t\t\t\n\t\t\t<div id='unitegallery_9_2' class='unite-gallery' style='margin:0px auto;'>\n\t\t\t\t\n\n\t\t\t\t\t\t<img alt=\"Servo Up - Stacker\"\n\t\t\t\t\t\t    data-type=\"youtube\"  src=\"\" data-image=\"https:\/\/img.youtube.com\/vi\/Wg0JczBA8pE\/sddefault.jpg\"\n\t\t\t\t\t\t     data-thumb=\"https:\/\/img.youtube.com\/vi\/Wg0JczBA8pE\/mqdefault.jpg\"\n\t\t\t\t\t\t     title=\"\"\n\t\t\t\t\t\t     data-videoid=\"Wg0JczBA8pE\" style=\"display:none\">\n\n\t\t\t\t\t\t<img alt=\"Servo Up - Stacker running\"\n\t\t\t\t\t\t    data-type=\"youtube\"  src=\"\" data-image=\"https:\/\/img.youtube.com\/vi\/vAP8MHfV6Ew\/sddefault.jpg\"\n\t\t\t\t\t\t     data-thumb=\"https:\/\/img.youtube.com\/vi\/vAP8MHfV6Ew\/mqdefault.jpg\"\n\t\t\t\t\t\t     title=\"\"\n\t\t\t\t\t\t     data-videoid=\"vAP8MHfV6Ew\" style=\"display:none\">\n\t\t\t<\/div>\n\n\n\t\t\t<!-- END UNITEGALLERY LITE--><\/p>\n<p>For your inquiry, please fill-in following form:<\/p>\n<p><div class=\"frm_forms  with_frm_style frm_style_formidable-style\" id=\"frm_form_6_container\" >\n<form enctype=\"multipart\/form-data\" method=\"post\" class=\"frm-show-form \" id=\"form_contact222\"  >\n<div class=\"frm_form_fields \">\n<fieldset>\n<legend class=\"frm_hidden\">Contact_EN<\/legend>\n\n<div class=\"frm_fields_container\">\n<input type=\"hidden\" name=\"frm_action\" value=\"create\" \/>\n<input type=\"hidden\" name=\"form_id\" value=\"6\" \/>\n<input type=\"hidden\" name=\"frm_hide_fields_6\" id=\"frm_hide_fields_6\" value=\"\" \/>\n<input type=\"hidden\" name=\"form_key\" value=\"contact222\" \/>\n<input type=\"hidden\" name=\"item_meta[0]\" value=\"\" \/>\n<input type=\"hidden\" id=\"frm_submit_entry_6\" name=\"frm_submit_entry_6\" value=\"7da590140d\" \/><input type=\"hidden\" name=\"_wp_http_referer\" value=\"\/cz\/wp-json\/wp\/v2\/pages\/205\" \/><div id=\"frm_field_22_container\" class=\"frm_form_field form-field  frm_required_field frm_top_container frm_first frm_half\">\n    <label for=\"field_qh4icy32\" id=\"field_qh4icy32_label\" class=\"frm_primary_label\">Name\n        <span class=\"frm_required\">*<\/span>\n    <\/label>\n    <input type=\"text\" id=\"field_qh4icy32\" name=\"item_meta[22]\" value=\"\"  data-reqmsg=\"This field cannot be blank.\" aria-required=\"true\" data-invmsg=\"Name is invalid\" aria-invalid=\"false\"   aria-describedby=\"frm_desc_field_qh4icy32\"\/>\n    <div class=\"frm_description\" id=\"frm_desc_field_qh4icy32\">Name<\/div>\n    \n<\/div>\n<div id=\"frm_field_23_container\" class=\"frm_form_field form-field  frm_required_field frm_hidden_container frm_half\">\n    <label for=\"field_ocfup132\" id=\"field_ocfup132_label\" class=\"frm_primary_label\">Family Name\n        <span class=\"frm_required\">*<\/span>\n    <\/label>\n    <input type=\"text\" id=\"field_ocfup132\" name=\"item_meta[23]\" value=\"\"  data-reqmsg=\"This field cannot be blank.\" aria-required=\"true\" data-invmsg=\"Family Name is invalid\" aria-invalid=\"false\"   aria-describedby=\"frm_desc_field_ocfup132\"\/>\n    <div class=\"frm_description\" id=\"frm_desc_field_ocfup132\">Family Name<\/div>\n    \n<\/div>\n<div id=\"frm_field_24_container\" class=\"frm_form_field form-field  frm_required_field frm_top_container frm_first frm_half\">\n    <label for=\"field_29yf4d32\" id=\"field_29yf4d32_label\" class=\"frm_primary_label\">Email\n        <span class=\"frm_required\">*<\/span>\n    <\/label>\n    <input type=\"email\" id=\"field_29yf4d32\" name=\"item_meta[24]\" value=\"\"  data-reqmsg=\"This field cannot be blank.\" aria-required=\"true\" data-invmsg=\"Please enter a valid email address\" aria-invalid=\"false\"  \/>\n    \n    \n<\/div>\n<div id=\"frm_field_25_container\" class=\"frm_form_field form-field  frm_top_container frm_half\">\n    <label for=\"field_itt5me32\" id=\"field_itt5me32_label\" class=\"frm_primary_label\">Website\n        <span class=\"frm_required\"><\/span>\n    <\/label>\n    <input type=\"url\" id=\"field_itt5me32\" name=\"item_meta[25]\" value=\"\"  data-invmsg=\"Please enter a valid website\" aria-invalid=\"false\"  \/>\n    \n    \n<\/div>\n<div id=\"frm_field_26_container\" class=\"frm_form_field form-field  frm_required_field frm_top_container frm_full\">\n    <label for=\"field_e6lis632\" id=\"field_e6lis632_label\" class=\"frm_primary_label\">Subject\n        <span class=\"frm_required\">*<\/span>\n    <\/label>\n    <input type=\"text\" id=\"field_e6lis632\" name=\"item_meta[26]\" value=\"\"  data-reqmsg=\"This field cannot be blank.\" aria-required=\"true\" data-invmsg=\"Subject is invalid\" aria-invalid=\"false\"  \/>\n    \n    \n<\/div>\n<div id=\"frm_field_27_container\" class=\"frm_form_field form-field  frm_required_field frm_top_container frm_full\">\n    <label for=\"field_9jv0r132\" id=\"field_9jv0r132_label\" class=\"frm_primary_label\">Message\n        <span class=\"frm_required\">*<\/span>\n    <\/label>\n    <textarea name=\"item_meta[27]\" id=\"field_9jv0r132\" rows=\"5\"  data-reqmsg=\"This field cannot be blank.\" aria-required=\"true\" data-invmsg=\"Message is invalid\" aria-invalid=\"false\"  ><\/textarea>\n    \n    \n<\/div>\n<div id=\"frm_field_28_container\" class=\"frm_form_field form-field  frm_none_container\">\n    <label for=\"g-recaptcha-response\" id=\"field_62n6q332_label\" class=\"frm_primary_label\">Captcha\n        <span class=\"frm_required\"><\/span>\n    <\/label>\n    \n    \n    \n<\/div>\n<input type=\"hidden\" name=\"item_key\" value=\"\" \/>\n\t<div class=\"frm_verify\" >\n\t<label for=\"frm_email_6\">\n\t\tIf you are human, leave this field blank.\t<\/label>\n\t<input type=\"email\" class=\"frm_verify\" id=\"frm_email_6\" name=\"frm_verify\" value=\"\"  \/>\n<\/div>\n\t\t<div class=\"frm_submit\">\n\n<input type=\"submit\" value=\"Submit\"  \/>\n<img class=\"frm_ajax_loading\" src=\"https:\/\/www.pt-machinery.eu\/wp-content\/plugins\/formidable\/images\/ajax_loader.gif\" alt=\"Sending\"\/>\n\n<\/div><\/div>\n<\/fieldset>\n<\/div>\n<\/form>\n<\/div>\n<\/p>","protected":false},"excerpt":{"rendered":"<p>Servo Upstacker unit Suitable for CIP machines (GN Thermoforming and Scope machines) Cheaper option for stacking unit &#8211; smooth running &#8211; max. speed \u2013 60cyc\/min. &#8211; 3 modes of automatic clearance &#8211; automatic machine slow down after the first stacks &#8211; stacking speed and acc.\/dcc. control &#8211; easy adjustable conveyor for production &#8211; Up \/ &hellip;<\/p>\n","protected":false},"author":1,"featured_media":0,"parent":227,"menu_order":0,"comment_status":"closed","ping_status":"closed","template":"","meta":{"spay_email":""},"jetpack_sharing_enabled":true,"jetpack_shortlink":"https:\/\/wp.me\/P8Souy-3j","jetpack-related-posts":[{"id":398,"url":"https:\/\/www.pt-machinery.eu\/cz\/products2\/conveyor-system\/","url_meta":{"origin":205,"position":0},"title":"Conveyor System","date":"19\/03\/2020","format":false,"excerpt":"Conveyor System Palletization system for thermoformed plastics products. The reduction of man labour in production goes down to 40%. The saving of production space is substantial. Fully automated system including electronic communication between the production machines and conveyor system. Industrial camera surveillance at the collection point, remote machine control, voice,\u2026","rel":"","context":"Similar post","img":{"alt_text":"","src":"","width":0,"height":0},"classes":[]},{"id":196,"url":"https:\/\/www.pt-machinery.eu\/cz\/products2\/universal-vacuum-tray\/","url_meta":{"origin":205,"position":1},"title":"[:en]Universal Vacuum Tray[:cz]Univerz\u00e1ln\u00ed uklada\u010d[:]","date":"21\/06\/2017","format":false,"excerpt":"Universal vacuum tray for robotic systems This unique system has been developed according to the requirements of customers for precise, continuous and variable stacking of plastic products. The system is adjustable in three axes. It can be used for different shapes of stacked products. This system can be reconfigured for\u2026","rel":"","context":"Similar post","img":{"alt_text":"","src":"","width":0,"height":0},"classes":[]},{"id":221,"url":"https:\/\/www.pt-machinery.eu\/cz\/products2\/data-logger\/","url_meta":{"origin":205,"position":2},"title":"Data Logger","date":"21\/06\/2017","format":false,"excerpt":"Data Logger The data logger is the online connection with the DX machines. The data logger is based on the style of Industry 4.0. (internet of things). The first idea was to get the machine online for error diagnostics and remote customer technical support. We add a lot of other\u2026","rel":"","context":"Similar post","img":{"alt_text":"","src":"","width":0,"height":0},"classes":[]},{"id":11,"url":"https:\/\/www.pt-machinery.eu\/cz\/","url_meta":{"origin":205,"position":3},"title":"[:en]Home[:cz]Home[:es]About[:ru]About[:]","date":"08\/12\/2015","format":false,"excerpt":"\u00a0 \u00a0 O n\u00e1s: Spole\u010dnost byla zalo\u017eena na z\u00e1klad\u011b st\u00e1le se zvy\u0161uj\u00edc\u00ed popt\u00e1vky po servisu pr\u016fmyslov\u00fdch stroj\u016f. PT Machinery se p\u0159edev\u0161\u00edm zam\u011b\u0159uje na servis stroj\u016f pro plastik\u00e1\u0159sk\u00fd pr\u016fmysl, tvarovac\u00ed stroje (Cut In Place) a paletiza\u010dn\u00ed jednotky. Pro tvarovac\u00ed stroje CIP d\u00e1le prov\u00e1d\u00edme renovace, modernizace, retrofitov\u00e1n\u00ed PLC syst\u00e9m\u016f pou\u017eit\u00fdch stroj\u016f, odborn\u00e9\u2026","rel":"","context":"Similar post","img":{"alt_text":"","src":"","width":0,"height":0},"classes":[]},{"id":251,"url":"https:\/\/www.pt-machinery.eu\/cz\/products2\/plc-retrofit\/","url_meta":{"origin":205,"position":4},"title":"PLC retrofit","date":"26\/06\/2017","format":false,"excerpt":"PLC retrofit We provide retrofitting of your old machines including PLC and damaged touch screen replacement. For your inquiry, please fill-in following form:","rel":"","context":"Similar post","img":{"alt_text":"","src":"","width":0,"height":0},"classes":[]}],"_links":{"self":[{"href":"https:\/\/www.pt-machinery.eu\/cz\/wp-json\/wp\/v2\/pages\/205"}],"collection":[{"href":"https:\/\/www.pt-machinery.eu\/cz\/wp-json\/wp\/v2\/pages"}],"about":[{"href":"https:\/\/www.pt-machinery.eu\/cz\/wp-json\/wp\/v2\/types\/page"}],"author":[{"embeddable":true,"href":"https:\/\/www.pt-machinery.eu\/cz\/wp-json\/wp\/v2\/users\/1"}],"replies":[{"embeddable":true,"href":"https:\/\/www.pt-machinery.eu\/cz\/wp-json\/wp\/v2\/comments?post=205"}],"version-history":[{"count":5,"href":"https:\/\/www.pt-machinery.eu\/cz\/wp-json\/wp\/v2\/pages\/205\/revisions"}],"predecessor-version":[{"id":237,"href":"https:\/\/www.pt-machinery.eu\/cz\/wp-json\/wp\/v2\/pages\/205\/revisions\/237"}],"up":[{"embeddable":true,"href":"https:\/\/www.pt-machinery.eu\/cz\/wp-json\/wp\/v2\/pages\/227"}],"wp:attachment":[{"href":"https:\/\/www.pt-machinery.eu\/cz\/wp-json\/wp\/v2\/media?parent=205"}],"curies":[{"name":"wp","href":"https:\/\/api.w.org\/{rel}","templated":true}]}}