{"id":227,"date":"2017-06-21T22:07:02","date_gmt":"2017-06-21T22:07:02","guid":{"rendered":"http:\/\/www.pt-machinery.eu\/?page_id=227"},"modified":"2017-06-27T10:46:18","modified_gmt":"2017-06-27T10:46:18","slug":"products2","status":"publish","type":"page","link":"https:\/\/www.pt-machinery.eu\/cz\/products2\/","title":{"rendered":"Products"},"content":{"rendered":"<section id=\"builder-section-1498495790472\" class=\"builder-section builder-section-first builder-section-text builder-section-next-text builder-text-columns-2\" style=\"background-size: cover; background-repeat: no-repeat;background-position: center center;\">\n<div class=\"builder-section-content\">\n<div class=\"builder-text-row\">\n<div class=\"builder-text-column builder-text-column-1\" id=\"builder-section-1498495790472-column-1\">\n<div class=\"builder-text-content\">\n<p><a href=\"http:\/\/www.pt-machinery.eu\/products2\/universal-vacuum-tray\/\"><img loading=\"lazy\" class=\"aligncenter size-full wp-image-268\" src=\"http:\/\/www.pt-machinery.eu\/wp-content\/uploads\/2017\/06\/g3862.png\" alt=\"\" width=\"1456\" height=\"642\" srcset=\"https:\/\/www.pt-machinery.eu\/wp-content\/uploads\/2017\/06\/g3862.png 1456w, https:\/\/www.pt-machinery.eu\/wp-content\/uploads\/2017\/06\/g3862-300x132.png 300w, https:\/\/www.pt-machinery.eu\/wp-content\/uploads\/2017\/06\/g3862-768x339.png 768w, https:\/\/www.pt-machinery.eu\/wp-content\/uploads\/2017\/06\/g3862-1024x452.png 1024w\" sizes=\"(max-width: 1456px) 100vw, 1456px\" \/><\/a><\/p>\n<p><a href=\"http:\/\/www.pt-machinery.eu\/products2\/robotic-stacker-custom-upgrades\/\"><img loading=\"lazy\" class=\"aligncenter size-full wp-image-267\" src=\"http:\/\/www.pt-machinery.eu\/wp-content\/uploads\/2017\/06\/g3853.png\" alt=\"\" width=\"1456\" height=\"642\" srcset=\"https:\/\/www.pt-machinery.eu\/wp-content\/uploads\/2017\/06\/g3853.png 1456w, https:\/\/www.pt-machinery.eu\/wp-content\/uploads\/2017\/06\/g3853-300x132.png 300w, https:\/\/www.pt-machinery.eu\/wp-content\/uploads\/2017\/06\/g3853-768x339.png 768w, https:\/\/www.pt-machinery.eu\/wp-content\/uploads\/2017\/06\/g3853-1024x452.png 1024w\" sizes=\"(max-width: 1456px) 100vw, 1456px\" \/><\/a><\/p>\n<p><a href=\"http:\/\/www.pt-machinery.eu\/products2\/data-logger\/\"><img loading=\"lazy\" class=\"aligncenter size-full wp-image-265\" src=\"http:\/\/www.pt-machinery.eu\/wp-content\/uploads\/2017\/06\/g3836.png\" alt=\"\" width=\"1456\" height=\"642\" srcset=\"https:\/\/www.pt-machinery.eu\/wp-content\/uploads\/2017\/06\/g3836.png 1456w, https:\/\/www.pt-machinery.eu\/wp-content\/uploads\/2017\/06\/g3836-300x132.png 300w, https:\/\/www.pt-machinery.eu\/wp-content\/uploads\/2017\/06\/g3836-768x339.png 768w, https:\/\/www.pt-machinery.eu\/wp-content\/uploads\/2017\/06\/g3836-1024x452.png 1024w\" sizes=\"(max-width: 1456px) 100vw, 1456px\" \/><\/a><\/p>\n<\/p><\/div>\n<\/p><\/div>\n<div class=\"builder-text-column builder-text-column-2\" id=\"builder-section-1498495790472-column-2\">\n<div class=\"builder-text-content\">\n<p><a href=\"http:\/\/www.pt-machinery.eu\/products2\/custom-vacuum-tray\/\"><img loading=\"lazy\" class=\"aligncenter size-full wp-image-274\" src=\"http:\/\/www.pt-machinery.eu\/wp-content\/uploads\/2017\/06\/g3853-1.png\" alt=\"\" width=\"1456\" height=\"642\" srcset=\"https:\/\/www.pt-machinery.eu\/wp-content\/uploads\/2017\/06\/g3853-1.png 1456w, https:\/\/www.pt-machinery.eu\/wp-content\/uploads\/2017\/06\/g3853-1-300x132.png 300w, https:\/\/www.pt-machinery.eu\/wp-content\/uploads\/2017\/06\/g3853-1-768x339.png 768w, https:\/\/www.pt-machinery.eu\/wp-content\/uploads\/2017\/06\/g3853-1-1024x452.png 1024w\" sizes=\"(max-width: 1456px) 100vw, 1456px\" \/><\/a><\/p>\n<p><a href=\"http:\/\/www.pt-machinery.eu\/products2\/servo-upstacker\/\"><img loading=\"lazy\" class=\"aligncenter size-full wp-image-266\" src=\"http:\/\/www.pt-machinery.eu\/wp-content\/uploads\/2017\/06\/g3844.png\" alt=\"\" width=\"1456\" height=\"642\" srcset=\"https:\/\/www.pt-machinery.eu\/wp-content\/uploads\/2017\/06\/g3844.png 1456w, https:\/\/www.pt-machinery.eu\/wp-content\/uploads\/2017\/06\/g3844-300x132.png 300w, https:\/\/www.pt-machinery.eu\/wp-content\/uploads\/2017\/06\/g3844-768x339.png 768w, https:\/\/www.pt-machinery.eu\/wp-content\/uploads\/2017\/06\/g3844-1024x452.png 1024w\" sizes=\"(max-width: 1456px) 100vw, 1456px\" \/><\/a><\/p>\n<p><a href=\"http:\/\/www.pt-machinery.eu\/products2\/plc-retrofit\/\"><img loading=\"lazy\" class=\"aligncenter size-full wp-image-259\" src=\"http:\/\/www.pt-machinery.eu\/wp-content\/uploads\/2017\/06\/g3084.png\" alt=\"\" width=\"1456\" height=\"642\" srcset=\"https:\/\/www.pt-machinery.eu\/wp-content\/uploads\/2017\/06\/g3084.png 1456w, https:\/\/www.pt-machinery.eu\/wp-content\/uploads\/2017\/06\/g3084-300x132.png 300w, https:\/\/www.pt-machinery.eu\/wp-content\/uploads\/2017\/06\/g3084-768x339.png 768w, https:\/\/www.pt-machinery.eu\/wp-content\/uploads\/2017\/06\/g3084-1024x452.png 1024w\" sizes=\"(max-width: 1456px) 100vw, 1456px\" \/><\/a><\/p>\n<\/p><\/div>\n<\/p><\/div>\n<\/p><\/div>\n<\/p><\/div>\n<\/section>\n<section id=\"builder-section-1498495840152\" class=\"builder-section builder-section-prev-text builder-section-text builder-section-last builder-text-columns-3\" style=\"background-size: cover; background-repeat: no-repeat;background-position: center center;\">\n<div class=\"builder-section-content\">\n<div class=\"builder-text-row\">\n<div class=\"builder-text-column builder-text-column-1\" id=\"builder-section-1498495840152-column-1\">\n\t\t\t\t\t\t\t<\/div>\n<div class=\"builder-text-column builder-text-column-2\" id=\"builder-section-1498495840152-column-2\">\n\t\t\t\t\t\t\t<\/div>\n<div class=\"builder-text-column builder-text-column-3\" id=\"builder-section-1498495840152-column-3\">\n\t\t\t\t\t\t\t<\/div>\n<\/p><\/div>\n<\/p><\/div>\n<\/section>\n","protected":false},"excerpt":{"rendered":"","protected":false},"author":1,"featured_media":0,"parent":0,"menu_order":0,"comment_status":"closed","ping_status":"closed","template":"template-builder.php","meta":{"spay_email":""},"jetpack_sharing_enabled":true,"jetpack_shortlink":"https:\/\/wp.me\/P8Souy-3F","jetpack-related-posts":[{"id":398,"url":"https:\/\/www.pt-machinery.eu\/cz\/products2\/conveyor-system\/","url_meta":{"origin":227,"position":0},"title":"Conveyor System","date":"19\/03\/2020","format":false,"excerpt":"Conveyor System Palletization system for thermoformed plastics products. The reduction of man labour in production goes down to 40%. The saving of production space is substantial. Fully automated system including electronic communication between the production machines and conveyor system. Industrial camera surveillance at the collection point, remote machine control, voice,\u2026","rel":"","context":"Similar post","img":{"alt_text":"","src":"","width":0,"height":0},"classes":[]},{"id":221,"url":"https:\/\/www.pt-machinery.eu\/cz\/products2\/data-logger\/","url_meta":{"origin":227,"position":1},"title":"Data Logger","date":"21\/06\/2017","format":false,"excerpt":"Data Logger The data logger is the online connection with the DX machines. The data logger is based on the style of Industry 4.0. (internet of things). The first idea was to get the machine online for error diagnostics and remote customer technical support. We add a lot of other\u2026","rel":"","context":"Similar post","img":{"alt_text":"","src":"","width":0,"height":0},"classes":[]},{"id":205,"url":"https:\/\/www.pt-machinery.eu\/cz\/products2\/servo-upstacker\/","url_meta":{"origin":227,"position":2},"title":"Servo Upstacker","date":"21\/06\/2017","format":false,"excerpt":"Servo Upstacker unit Suitable for CIP machines (GN Thermoforming and Scope machines) Cheaper option for stacking unit - smooth running - max. speed \u2013 60cyc\/min. - 3 modes of automatic clearance - automatic machine slow down after the first stacks - stacking speed and acc.\/dcc. control - easy adjustable conveyor\u2026","rel":"","context":"Similar post","img":{"alt_text":"","src":"","width":0,"height":0},"classes":[]},{"id":11,"url":"https:\/\/www.pt-machinery.eu\/cz\/","url_meta":{"origin":227,"position":3},"title":"[:en]Home[:cz]Home[:es]About[:ru]About[:]","date":"08\/12\/2015","format":false,"excerpt":"\u00a0 \u00a0 O n\u00e1s: Spole\u010dnost byla zalo\u017eena na z\u00e1klad\u011b st\u00e1le se zvy\u0161uj\u00edc\u00ed popt\u00e1vky po servisu pr\u016fmyslov\u00fdch stroj\u016f. PT Machinery se p\u0159edev\u0161\u00edm zam\u011b\u0159uje na servis stroj\u016f pro plastik\u00e1\u0159sk\u00fd pr\u016fmysl, tvarovac\u00ed stroje (Cut In Place) a paletiza\u010dn\u00ed jednotky. Pro tvarovac\u00ed stroje CIP d\u00e1le prov\u00e1d\u00edme renovace, modernizace, retrofitov\u00e1n\u00ed PLC syst\u00e9m\u016f pou\u017eit\u00fdch stroj\u016f, odborn\u00e9\u2026","rel":"","context":"Similar post","img":{"alt_text":"","src":"","width":0,"height":0},"classes":[]},{"id":196,"url":"https:\/\/www.pt-machinery.eu\/cz\/products2\/universal-vacuum-tray\/","url_meta":{"origin":227,"position":4},"title":"[:en]Universal Vacuum Tray[:cz]Univerz\u00e1ln\u00ed uklada\u010d[:]","date":"21\/06\/2017","format":false,"excerpt":"Universal vacuum tray for robotic systems This unique system has been developed according to the requirements of customers for precise, continuous and variable stacking of plastic products. The system is adjustable in three axes. It can be used for different shapes of stacked products. This system can be reconfigured for\u2026","rel":"","context":"Similar post","img":{"alt_text":"","src":"","width":0,"height":0},"classes":[]},{"id":251,"url":"https:\/\/www.pt-machinery.eu\/cz\/products2\/plc-retrofit\/","url_meta":{"origin":227,"position":5},"title":"PLC retrofit","date":"26\/06\/2017","format":false,"excerpt":"PLC retrofit We provide retrofitting of your old machines including PLC and damaged touch screen replacement. For your inquiry, please fill-in following form:","rel":"","context":"Similar post","img":{"alt_text":"","src":"","width":0,"height":0},"classes":[]}],"_links":{"self":[{"href":"https:\/\/www.pt-machinery.eu\/cz\/wp-json\/wp\/v2\/pages\/227"}],"collection":[{"href":"https:\/\/www.pt-machinery.eu\/cz\/wp-json\/wp\/v2\/pages"}],"about":[{"href":"https:\/\/www.pt-machinery.eu\/cz\/wp-json\/wp\/v2\/types\/page"}],"author":[{"embeddable":true,"href":"https:\/\/www.pt-machinery.eu\/cz\/wp-json\/wp\/v2\/users\/1"}],"replies":[{"embeddable":true,"href":"https:\/\/www.pt-machinery.eu\/cz\/wp-json\/wp\/v2\/comments?post=227"}],"version-history":[{"count":8,"href":"https:\/\/www.pt-machinery.eu\/cz\/wp-json\/wp\/v2\/pages\/227\/revisions"}],"predecessor-version":[{"id":289,"href":"https:\/\/www.pt-machinery.eu\/cz\/wp-json\/wp\/v2\/pages\/227\/revisions\/289"}],"wp:attachment":[{"href":"https:\/\/www.pt-machinery.eu\/cz\/wp-json\/wp\/v2\/media?parent=227"}],"curies":[{"name":"wp","href":"https:\/\/api.w.org\/{rel}","templated":true}]}}