{"id":398,"date":"2020-03-19T10:42:48","date_gmt":"2020-03-19T10:42:48","guid":{"rendered":"http:\/\/www.pt-machinery.eu\/?page_id=398"},"modified":"2020-03-19T10:42:48","modified_gmt":"2020-03-19T10:42:48","slug":"conveyor-system","status":"publish","type":"page","link":"https:\/\/www.pt-machinery.eu\/cz\/products2\/conveyor-system\/","title":{"rendered":"Conveyor System"},"content":{"rendered":"<p>\n\t\t\t\t\t\n\n\t\t\t\t\t<!-- START UNITE GALLERY LITE 1.7.54 -->\n\t\t\t\t\t\n\t\t\t\t\n\t\t\t<div id='unitegallery_18_1' class='unite-gallery' style='margin:0px auto;'>\n\t\t\t\t\n\n\t\t\t\t\t\t<img alt=\"conveyor system01\"\n\t\t\t\t\t\t     src=\"\" data-image=\"https:\/\/www.pt-machinery.eu\/wp-content\/uploads\/2020\/03\/conveyor-system01-scaled.jpg\"\n\t\t\t\t\t\t     data-thumb=\"https:\/\/www.pt-machinery.eu\/wp-content\/uploads\/2020\/03\/conveyor-system01-300x225.jpg\"\n\t\t\t\t\t\t     title=\"\"\n\t\t\t\t\t\t     style=\"display:none\">\n\n\t\t\t\t\t\t<img alt=\"conveyor system02\"\n\t\t\t\t\t\t     src=\"\" data-image=\"https:\/\/www.pt-machinery.eu\/wp-content\/uploads\/2020\/03\/conveyor-system02-scaled.jpg\"\n\t\t\t\t\t\t     data-thumb=\"https:\/\/www.pt-machinery.eu\/wp-content\/uploads\/2020\/03\/conveyor-system02-300x225.jpg\"\n\t\t\t\t\t\t     title=\"\"\n\t\t\t\t\t\t     style=\"display:none\">\n\n\t\t\t\t\t\t<img alt=\"conveyor system03\"\n\t\t\t\t\t\t     src=\"\" data-image=\"https:\/\/www.pt-machinery.eu\/wp-content\/uploads\/2020\/03\/conveyor-system03-scaled.jpg\"\n\t\t\t\t\t\t     data-thumb=\"https:\/\/www.pt-machinery.eu\/wp-content\/uploads\/2020\/03\/conveyor-system03-300x225.jpg\"\n\t\t\t\t\t\t     title=\"\"\n\t\t\t\t\t\t     style=\"display:none\">\n\t\t\t<\/div>\n\n\t\t\t<script type='text\/javascript'>\n\t\t\t\twindow.onload = function(e) {\n\t\t\t\t\tif(typeof ugCheckForErrors == \"undefined\"){\n\t\t\t\t\t\tdocument.getElementById(\"unitegallery_18_1\").innerHTML = \"<span style='color:red'>Unite Gallery Error - gallery js and css files not included in the footer. Please make sure that wp_footer() function is added to your theme.<\/span>\";}\n\t\t\t\t\telse{ ugCheckForErrors(\"unitegallery_18_1\", \"jquery\");}\n\t\t\t\t};\n\t\t\t<\/script>\n\n\t\t\t<!-- END UNITEGALLERY LITE--><\/p>\n<p style=\"text-align: center;\"><strong>Conveyor System<\/strong><\/p>\n<p>Palletization system for thermoformed plastics products. The reduction of man labour in production goes down to 40%. The saving of production space is substantial.<br \/>\nFully automated system including electronic communication between the production machines and conveyor system.<br \/>\nIndustrial camera surveillance at the collection point, remote machine control, voice, sound and light alarm.<\/p>\n<p>The conveyor system can be added to Form Cut Stack thermoformers as an option for lowering conveyor lift .<br \/>\nThe lift conveyor helps to get stacked products to the ground level.<\/p>\n<p>&nbsp;<\/p>\n<p>For your inquiry, please fill-in following form:<\/p>\n<div class=\"frm_forms  with_frm_style frm_style_formidable-style\" id=\"frm_form_6_container\" >\n<form enctype=\"multipart\/form-data\" method=\"post\" class=\"frm-show-form \" id=\"form_contact222\"  >\n<div class=\"frm_form_fields \">\n<fieldset>\n<legend class=\"frm_hidden\">Contact_EN<\/legend>\n\n<div class=\"frm_fields_container\">\n<input type=\"hidden\" name=\"frm_action\" value=\"create\" \/>\n<input type=\"hidden\" name=\"form_id\" value=\"6\" \/>\n<input type=\"hidden\" name=\"frm_hide_fields_6\" id=\"frm_hide_fields_6\" value=\"\" \/>\n<input type=\"hidden\" name=\"form_key\" value=\"contact222\" \/>\n<input type=\"hidden\" name=\"item_meta[0]\" value=\"\" \/>\n<input type=\"hidden\" id=\"frm_submit_entry_6\" name=\"frm_submit_entry_6\" value=\"d61ac3dd44\" \/><input type=\"hidden\" name=\"_wp_http_referer\" value=\"\/cz\/wp-json\/wp\/v2\/pages\/398\" \/><div id=\"frm_field_22_container\" class=\"frm_form_field form-field  frm_required_field frm_top_container frm_first frm_half\">\n    <label for=\"field_qh4icy32\" id=\"field_qh4icy32_label\" class=\"frm_primary_label\">Name\n        <span class=\"frm_required\">*<\/span>\n    <\/label>\n    <input type=\"text\" id=\"field_qh4icy32\" name=\"item_meta[22]\" value=\"\"  data-reqmsg=\"This field cannot be blank.\" aria-required=\"true\" data-invmsg=\"Name is invalid\" aria-invalid=\"false\"   aria-describedby=\"frm_desc_field_qh4icy32\"\/>\n    <div class=\"frm_description\" id=\"frm_desc_field_qh4icy32\">Name<\/div>\n    \n<\/div>\n<div id=\"frm_field_23_container\" class=\"frm_form_field form-field  frm_required_field frm_hidden_container frm_half\">\n    <label for=\"field_ocfup132\" id=\"field_ocfup132_label\" class=\"frm_primary_label\">Family Name\n        <span class=\"frm_required\">*<\/span>\n    <\/label>\n    <input type=\"text\" id=\"field_ocfup132\" name=\"item_meta[23]\" value=\"\"  data-reqmsg=\"This field cannot be blank.\" aria-required=\"true\" data-invmsg=\"Family Name is invalid\" aria-invalid=\"false\"   aria-describedby=\"frm_desc_field_ocfup132\"\/>\n    <div class=\"frm_description\" id=\"frm_desc_field_ocfup132\">Family Name<\/div>\n    \n<\/div>\n<div id=\"frm_field_24_container\" class=\"frm_form_field form-field  frm_required_field frm_top_container frm_first frm_half\">\n    <label for=\"field_29yf4d32\" id=\"field_29yf4d32_label\" class=\"frm_primary_label\">Email\n        <span class=\"frm_required\">*<\/span>\n    <\/label>\n    <input type=\"email\" id=\"field_29yf4d32\" name=\"item_meta[24]\" value=\"\"  data-reqmsg=\"This field cannot be blank.\" aria-required=\"true\" data-invmsg=\"Please enter a valid email address\" aria-invalid=\"false\"  \/>\n    \n    \n<\/div>\n<div id=\"frm_field_25_container\" class=\"frm_form_field form-field  frm_top_container frm_half\">\n    <label for=\"field_itt5me32\" id=\"field_itt5me32_label\" class=\"frm_primary_label\">Website\n        <span class=\"frm_required\"><\/span>\n    <\/label>\n    <input type=\"url\" id=\"field_itt5me32\" name=\"item_meta[25]\" value=\"\"  data-invmsg=\"Please enter a valid website\" aria-invalid=\"false\"  \/>\n    \n    \n<\/div>\n<div id=\"frm_field_26_container\" class=\"frm_form_field form-field  frm_required_field frm_top_container frm_full\">\n    <label for=\"field_e6lis632\" id=\"field_e6lis632_label\" class=\"frm_primary_label\">Subject\n        <span class=\"frm_required\">*<\/span>\n    <\/label>\n    <input type=\"text\" id=\"field_e6lis632\" name=\"item_meta[26]\" value=\"\"  data-reqmsg=\"This field cannot be blank.\" aria-required=\"true\" data-invmsg=\"Subject is invalid\" aria-invalid=\"false\"  \/>\n    \n    \n<\/div>\n<div id=\"frm_field_27_container\" class=\"frm_form_field form-field  frm_required_field frm_top_container frm_full\">\n    <label for=\"field_9jv0r132\" id=\"field_9jv0r132_label\" class=\"frm_primary_label\">Message\n        <span class=\"frm_required\">*<\/span>\n    <\/label>\n    <textarea name=\"item_meta[27]\" id=\"field_9jv0r132\" rows=\"5\"  data-reqmsg=\"This field cannot be blank.\" aria-required=\"true\" data-invmsg=\"Message is invalid\" aria-invalid=\"false\"  ><\/textarea>\n    \n    \n<\/div>\n<div id=\"frm_field_28_container\" class=\"frm_form_field form-field  frm_none_container\">\n    <label for=\"g-recaptcha-response\" id=\"field_62n6q332_label\" class=\"frm_primary_label\">Captcha\n        <span class=\"frm_required\"><\/span>\n    <\/label>\n    \n    \n    \n<\/div>\n<input type=\"hidden\" name=\"item_key\" value=\"\" \/>\n\t<div class=\"frm_verify\" >\n\t<label for=\"frm_email_6\">\n\t\tIf you are human, leave this field blank.\t<\/label>\n\t<input type=\"email\" class=\"frm_verify\" id=\"frm_email_6\" name=\"frm_verify\" value=\"\"  \/>\n<\/div>\n\t\t<div class=\"frm_submit\">\n\n<input type=\"submit\" value=\"Submit\"  \/>\n<img class=\"frm_ajax_loading\" src=\"https:\/\/www.pt-machinery.eu\/wp-content\/plugins\/formidable\/images\/ajax_loader.gif\" alt=\"Sending\"\/>\n\n<\/div><\/div>\n<\/fieldset>\n<\/div>\n<\/form>\n<\/div>\n\n","protected":false},"excerpt":{"rendered":"<p>Conveyor System Palletization system for thermoformed plastics products. The reduction of man labour in production goes down to 40%. The saving of production space is substantial. Fully automated system including electronic communication between the production machines and conveyor system. Industrial camera surveillance at the collection point, remote machine control, voice, sound and light alarm. The &hellip;<\/p>\n","protected":false},"author":1,"featured_media":0,"parent":227,"menu_order":0,"comment_status":"closed","ping_status":"closed","template":"","meta":{"spay_email":""},"jetpack_sharing_enabled":true,"jetpack_shortlink":"https:\/\/wp.me\/P8Souy-6q","jetpack-related-posts":[{"id":205,"url":"https:\/\/www.pt-machinery.eu\/cz\/products2\/servo-upstacker\/","url_meta":{"origin":398,"position":0},"title":"Servo Upstacker","date":"21\/06\/2017","format":false,"excerpt":"Servo Upstacker unit Suitable for CIP machines (GN Thermoforming and Scope machines) Cheaper option for stacking unit - smooth running - max. speed \u2013 60cyc\/min. - 3 modes of automatic clearance - automatic machine slow down after the first stacks - stacking speed and acc.\/dcc. control - easy adjustable conveyor\u2026","rel":"","context":"Similar post","img":{"alt_text":"","src":"","width":0,"height":0},"classes":[]},{"id":409,"url":"https:\/\/www.pt-machinery.eu\/cz\/products2\/cip-thermoforming-machine-plc-retrofit\/","url_meta":{"origin":398,"position":1},"title":"[:en]CIP Thermoforming machine PLC retrofit[:]","date":"02\/07\/2020","format":false,"excerpt":"Chyb\u00ed obsah For the sake of viewer convenience, the content is shown below in the alternative language. You may click the link to switch the active language.CIP Thermoforming machine PLC retrofit Because of obsolete PLC parts used in old CIP thermoforming machines , we have developed plug in PLC retrofit.\u2026","rel":"","context":"Similar post","img":{"alt_text":"","src":"","width":0,"height":0},"classes":[]},{"id":16,"url":"https:\/\/www.pt-machinery.eu\/cz\/service\/","url_meta":{"origin":398,"position":2},"title":"[:en]Service[:cz]Servis[:es]Service[:ru]Service[:]","date":"08\/12\/2015","format":false,"excerpt":"Servis tvarovac\u00edch stoj\u016f v\u00a0plastik\u00e1\u0159sk\u00e9m pr\u016fmyslu, \u00fazce spolupracujeme s firmou GN Thermoforming \u2013 opravy stroj\u016f, \u0161kolen\u00ed, odborn\u00e9 poradenstv\u00ed v\u00a0oblasti tvarov\u00e1n\u00ed plast\u016f . Servis PLC syst\u00e9m\u016f Siemens, Schneider electric, Bosh rexroth, B&R, Omron. Elektroinstalace \u2013 pr\u016fmyslov\u00e9 rozvody, kompletn\u00ed dod\u00e1vky elektro prac\u00ed, modernizace elektrick\u00fdch za\u0159\u00edzen\u00ed, automatizace. \u00a0 Pro popt\u00e1vku pou\u017eijte n\u00e1\u0161 kontaktn\u00ed formul\u00e1\u0159:","rel":"","context":"Similar post","img":{"alt_text":"","src":"","width":0,"height":0},"classes":[]},{"id":121,"url":"https:\/\/www.pt-machinery.eu\/cz\/tool-maintenance\/","url_meta":{"origin":398,"position":3},"title":"[:en]Tool maintenance[:cz]\u00dadr\u017eba forem[:]","date":"26\/01\/2016","format":false,"excerpt":"Prov\u00e1d\u00edme \u00fadr\u017ebu forem pro GN Thermoforming stroje 1713 \/ 2220 \/ 3021 \/ 760 \/ 1914 Brou\u0161en\u00ed a celkov\u00e1 \u00fadr\u017eba sekac\u00edch no\u017e\u016f. \u00a0","rel":"","context":"Similar post","img":{"alt_text":"","src":"","width":0,"height":0},"classes":[]},{"id":385,"url":"https:\/\/www.pt-machinery.eu\/cz\/products2\/roll-holder\/","url_meta":{"origin":398,"position":4},"title":"[:en]Roll holder[:cz]Roll Holder[:]","date":"19\/03\/2020","format":false,"excerpt":"Roll Holder The electrically driven roll holder for heavy rolls. (1,2 Ton \u2013 dia 1100mm ), no pressure air or hydraulic oil needed. Excellent for food industry environment. Suitable for thermoforming machines, possible unwind and brake upgrade. \u00a0 For your inquiry, please fill-in following form:","rel":"","context":"Similar post","img":{"alt_text":"","src":"","width":0,"height":0},"classes":[]},{"id":215,"url":"https:\/\/www.pt-machinery.eu\/cz\/products2\/robotic-stacker-custom-upgrades\/","url_meta":{"origin":398,"position":5},"title":"Robotic stacker custom upgrades","date":"21\/06\/2017","format":false,"excerpt":"Robotic stacker custom upgrades Customized vacuum pick up assembly for thermoforming pick and place robots. We can design and build a vacuum assembly in order of customer request. For your inquiry, please fill-in following form:","rel":"","context":"Similar post","img":{"alt_text":"","src":"","width":0,"height":0},"classes":[]}],"_links":{"self":[{"href":"https:\/\/www.pt-machinery.eu\/cz\/wp-json\/wp\/v2\/pages\/398"}],"collection":[{"href":"https:\/\/www.pt-machinery.eu\/cz\/wp-json\/wp\/v2\/pages"}],"about":[{"href":"https:\/\/www.pt-machinery.eu\/cz\/wp-json\/wp\/v2\/types\/page"}],"author":[{"embeddable":true,"href":"https:\/\/www.pt-machinery.eu\/cz\/wp-json\/wp\/v2\/users\/1"}],"replies":[{"embeddable":true,"href":"https:\/\/www.pt-machinery.eu\/cz\/wp-json\/wp\/v2\/comments?post=398"}],"version-history":[{"count":1,"href":"https:\/\/www.pt-machinery.eu\/cz\/wp-json\/wp\/v2\/pages\/398\/revisions"}],"predecessor-version":[{"id":399,"href":"https:\/\/www.pt-machinery.eu\/cz\/wp-json\/wp\/v2\/pages\/398\/revisions\/399"}],"up":[{"embeddable":true,"href":"https:\/\/www.pt-machinery.eu\/cz\/wp-json\/wp\/v2\/pages\/227"}],"wp:attachment":[{"href":"https:\/\/www.pt-machinery.eu\/cz\/wp-json\/wp\/v2\/media?parent=398"}],"curies":[{"name":"wp","href":"https:\/\/api.w.org\/{rel}","templated":true}]}}